{"id":14,"date":"2021-02-07T21:00:22","date_gmt":"2021-02-07T21:00:22","guid":{"rendered":"https:\/\/flowexperts.de\/?page_id=14"},"modified":"2022-01-05T14:03:25","modified_gmt":"2022-01-05T14:03:25","slug":"leistungen","status":"publish","type":"page","link":"https:\/\/www.stuck-mirschberger.de\/?page_id=14","title":{"rendered":"Leistungen"},"content":{"rendered":"\n<p style=\"font-size:15px\"><a href=\"https:\/\/www.stuck-mirschberger.de\/?page_id=46\">Trockenbau<\/a><\/p>\n\n\n\n<p style=\"font-size:15px\"><a href=\"https:\/\/www.stuck-mirschberger.de\/?page_id=75\">Innenputz<\/a><\/p>\n\n\n\n<p style=\"font-size:15px\"><a data-type=\"page\" data-id=\"76\" href=\"https:\/\/flowexperts.de\/?page_id=76\">Au\u00dfenputz<\/a><\/p>\n\n\n\n<p style=\"font-size:15px\"><a href=\"https:\/\/www.stuck-mirschberger.de\/?page_id=76\">W\u00e4rmed\u00e4mmung<\/a><\/p>\n\n\n\n<p style=\"font-size:15px\"><a href=\"https:\/\/www.stuck-mirschberger.de\/?page_id=73\">Estricharbeiten<\/a><\/p>\n\n\n\n<p style=\"font-size:15px\"><a href=\"https:\/\/www.stuck-mirschberger.de\/?page_id=79\">Ger\u00fcstbau<\/a><\/p>\n\n\n\n<p style=\"font-size:15px\"><a href=\"https:\/\/www.stuck-mirschberger.de\/?page_id=181\">Malerarbeiten<\/a><\/p>\n\n\n\n<p style=\"font-size:15px\"><a href=\"https:\/\/www.stuck-mirschberger.de\/?page_id=182\">Altbausanierung<\/a><\/p>\n\n\n\n<p style=\"font-size:15px\"><a href=\"https:\/\/www.stuck-mirschberger.de\/?page_id=47\">Stuckarbeiten<\/a><\/p>\n\n\n\n<p><\/p>\n","protected":false},"excerpt":{"rendered":"<p>Trockenbau Innenputz Au\u00dfenputz W\u00e4rmed\u00e4mmung Estricharbeiten Ger\u00fcstbau Malerarbeiten Altbausanierung Stuckarbeiten<\/p>\n","protected":false},"author":1,"featured_media":0,"parent":0,"menu_order":0,"comment_status":"closed","ping_status":"closed","template":"","meta":{"_mi_skip_tracking":false,"footnotes":""},"class_list":["post-14","page","type-page","status-publish","hentry","post"],"yoast_head":"<!-- This site is optimized with the Yoast SEO plugin v27.4 - https:\/\/yoast.com\/product\/yoast-seo-wordpress\/ -->\n<title>Leistungen - Stuck Mirschberger<\/title>\n<meta name=\"description\" content=\"Trockenbau Innenputz Au\u00dfenputz W\u00e4rmed\u00e4mmung Estricharbeiten Ger\u00fcstbau Malerarbeiten Altbausanierung Stuckarbeiten\" \/>\n<meta name=\"robots\" content=\"index, follow, max-snippet:-1, max-image-preview:large, max-video-preview:-1\" \/>\n<link rel=\"canonical\" href=\"https:\/\/www.stuck-mirschberger.de\/?page_id=14\" \/>\n<meta property=\"og:locale\" content=\"de_DE\" \/>\n<meta property=\"og:type\" content=\"article\" \/>\n<meta property=\"og:title\" content=\"Leistungen - Stuck Mirschberger\" \/>\n<meta property=\"og:description\" content=\"Trockenbau Innenputz Au\u00dfenputz W\u00e4rmed\u00e4mmung Estricharbeiten Ger\u00fcstbau Malerarbeiten Altbausanierung Stuckarbeiten\" \/>\n<meta property=\"og:url\" content=\"https:\/\/www.stuck-mirschberger.de\/?page_id=14\" \/>\n<meta property=\"og:site_name\" content=\"Stuck Mirschberger\" \/>\n<meta property=\"article:modified_time\" content=\"2022-01-05T14:03:25+00:00\" \/>\n<meta name=\"twitter:card\" content=\"summary_large_image\" \/>\n<meta name=\"twitter:label1\" content=\"Gesch\u00e4tzte Lesezeit\" \/>\n\t<meta name=\"twitter:data1\" content=\"1\u00a0Minute\" \/>\n<script type=\"application\/ld+json\" class=\"yoast-schema-graph\">{\"@context\":\"https:\\\/\\\/schema.org\",\"@graph\":[{\"@type\":\"WebPage\",\"@id\":\"https:\\\/\\\/www.stuck-mirschberger.de\\\/?page_id=14\",\"url\":\"https:\\\/\\\/www.stuck-mirschberger.de\\\/?page_id=14\",\"name\":\"Leistungen - Stuck Mirschberger\",\"isPartOf\":{\"@id\":\"https:\\\/\\\/www.stuck-mirschberger.de\\\/#website\"},\"datePublished\":\"2021-02-07T21:00:22+00:00\",\"dateModified\":\"2022-01-05T14:03:25+00:00\",\"description\":\"Trockenbau Innenputz Au\u00dfenputz W\u00e4rmed\u00e4mmung Estricharbeiten Ger\u00fcstbau Malerarbeiten Altbausanierung Stuckarbeiten\",\"breadcrumb\":{\"@id\":\"https:\\\/\\\/www.stuck-mirschberger.de\\\/?page_id=14#breadcrumb\"},\"inLanguage\":\"de\",\"potentialAction\":[{\"@type\":\"ReadAction\",\"target\":[\"https:\\\/\\\/www.stuck-mirschberger.de\\\/?page_id=14\"]}]},{\"@type\":\"BreadcrumbList\",\"@id\":\"https:\\\/\\\/www.stuck-mirschberger.de\\\/?page_id=14#breadcrumb\",\"itemListElement\":[{\"@type\":\"ListItem\",\"position\":1,\"name\":\"Startseite\",\"item\":\"https:\\\/\\\/www.stuck-mirschberger.de\\\/\"},{\"@type\":\"ListItem\",\"position\":2,\"name\":\"Leistungen\"}]},{\"@type\":\"WebSite\",\"@id\":\"https:\\\/\\\/www.stuck-mirschberger.de\\\/#website\",\"url\":\"https:\\\/\\\/www.stuck-mirschberger.de\\\/\",\"name\":\"Stuck Mirschberger\",\"description\":\"Stuck aus Meisterhand\",\"potentialAction\":[{\"@type\":\"SearchAction\",\"target\":{\"@type\":\"EntryPoint\",\"urlTemplate\":\"https:\\\/\\\/www.stuck-mirschberger.de\\\/?s={search_term_string}\"},\"query-input\":{\"@type\":\"PropertyValueSpecification\",\"valueRequired\":true,\"valueName\":\"search_term_string\"}}],\"inLanguage\":\"de\"}]}<\/script>\n<!-- \/ Yoast SEO plugin. -->","yoast_head_json":{"title":"Leistungen - Stuck Mirschberger","description":"Trockenbau Innenputz Au\u00dfenputz W\u00e4rmed\u00e4mmung Estricharbeiten Ger\u00fcstbau Malerarbeiten Altbausanierung Stuckarbeiten","robots":{"index":"index","follow":"follow","max-snippet":"max-snippet:-1","max-image-preview":"max-image-preview:large","max-video-preview":"max-video-preview:-1"},"canonical":"https:\/\/www.stuck-mirschberger.de\/?page_id=14","og_locale":"de_DE","og_type":"article","og_title":"Leistungen - Stuck Mirschberger","og_description":"Trockenbau Innenputz Au\u00dfenputz W\u00e4rmed\u00e4mmung Estricharbeiten Ger\u00fcstbau Malerarbeiten Altbausanierung Stuckarbeiten","og_url":"https:\/\/www.stuck-mirschberger.de\/?page_id=14","og_site_name":"Stuck Mirschberger","article_modified_time":"2022-01-05T14:03:25+00:00","twitter_card":"summary_large_image","twitter_misc":{"Gesch\u00e4tzte Lesezeit":"1\u00a0Minute"},"schema":{"@context":"https:\/\/schema.org","@graph":[{"@type":"WebPage","@id":"https:\/\/www.stuck-mirschberger.de\/?page_id=14","url":"https:\/\/www.stuck-mirschberger.de\/?page_id=14","name":"Leistungen - Stuck Mirschberger","isPartOf":{"@id":"https:\/\/www.stuck-mirschberger.de\/#website"},"datePublished":"2021-02-07T21:00:22+00:00","dateModified":"2022-01-05T14:03:25+00:00","description":"Trockenbau Innenputz Au\u00dfenputz W\u00e4rmed\u00e4mmung Estricharbeiten Ger\u00fcstbau Malerarbeiten Altbausanierung Stuckarbeiten","breadcrumb":{"@id":"https:\/\/www.stuck-mirschberger.de\/?page_id=14#breadcrumb"},"inLanguage":"de","potentialAction":[{"@type":"ReadAction","target":["https:\/\/www.stuck-mirschberger.de\/?page_id=14"]}]},{"@type":"BreadcrumbList","@id":"https:\/\/www.stuck-mirschberger.de\/?page_id=14#breadcrumb","itemListElement":[{"@type":"ListItem","position":1,"name":"Startseite","item":"https:\/\/www.stuck-mirschberger.de\/"},{"@type":"ListItem","position":2,"name":"Leistungen"}]},{"@type":"WebSite","@id":"https:\/\/www.stuck-mirschberger.de\/#website","url":"https:\/\/www.stuck-mirschberger.de\/","name":"Stuck Mirschberger","description":"Stuck aus Meisterhand","potentialAction":[{"@type":"SearchAction","target":{"@type":"EntryPoint","urlTemplate":"https:\/\/www.stuck-mirschberger.de\/?s={search_term_string}"},"query-input":{"@type":"PropertyValueSpecification","valueRequired":true,"valueName":"search_term_string"}}],"inLanguage":"de"}]}},"_links":{"self":[{"href":"https:\/\/www.stuck-mirschberger.de\/index.php?rest_route=\/wp\/v2\/pages\/14","targetHints":{"allow":["GET"]}}],"collection":[{"href":"https:\/\/www.stuck-mirschberger.de\/index.php?rest_route=\/wp\/v2\/pages"}],"about":[{"href":"https:\/\/www.stuck-mirschberger.de\/index.php?rest_route=\/wp\/v2\/types\/page"}],"author":[{"embeddable":true,"href":"https:\/\/www.stuck-mirschberger.de\/index.php?rest_route=\/wp\/v2\/users\/1"}],"replies":[{"embeddable":true,"href":"https:\/\/www.stuck-mirschberger.de\/index.php?rest_route=%2Fwp%2Fv2%2Fcomments&post=14"}],"version-history":[{"count":14,"href":"https:\/\/www.stuck-mirschberger.de\/index.php?rest_route=\/wp\/v2\/pages\/14\/revisions"}],"predecessor-version":[{"id":424,"href":"https:\/\/www.stuck-mirschberger.de\/index.php?rest_route=\/wp\/v2\/pages\/14\/revisions\/424"}],"wp:attachment":[{"href":"https:\/\/www.stuck-mirschberger.de\/index.php?rest_route=%2Fwp%2Fv2%2Fmedia&parent=14"}],"curies":[{"name":"wp","href":"https:\/\/api.w.org\/{rel}","templated":true}]}}