{"id":16,"date":"2021-02-07T21:00:22","date_gmt":"2021-02-07T21:00:22","guid":{"rendered":"https:\/\/flowexperts.de\/?page_id=16"},"modified":"2021-03-02T08:05:50","modified_gmt":"2021-03-02T08:05:50","slug":"ueber-uns","status":"publish","type":"page","link":"https:\/\/www.stuck-mirschberger.de\/?page_id=16","title":{"rendered":"\u00dcber uns"},"content":{"rendered":"<div id=\"pl-gb16-69f5f09205ca4\"  class=\"panel-layout\" ><div id=\"pg-gb16-69f5f09205ca4-0\"  class=\"panel-grid panel-no-style\" ><div id=\"pgc-gb16-69f5f09205ca4-0-0\"  class=\"panel-grid-cell\" ><div id=\"panel-gb16-69f5f09205ca4-0-0-0\" class=\"so-panel widget widget_text panel-first-child\" data-index=\"0\" >\t\t\t<div class=\"textwidget\"><p>Der Betrieb wurde im Jahr 1994 von Werner Mirschberger gegr\u00fcndet. Bereits im Dezember 1994 bestand das Team aus 3 Mitarbeitern. Seit dem Jahr 1997 bilden wir zudem kontinuierlich neuen Nachwuchs aus.<\/p>\n<p>Das erste Betriebsgel\u00e4nde befand sich auf dem privaten Anwesen der Familie. Ein Neubau des Betriebsgel\u00e4ndes im Gewerbegebiet Gro\u00dfenseebach erfolgte im Jahre 2011, der Umzug daraufhin im Januar 2012.<\/p>\n<p>Neben Werner und Petra Mirschberger besteht das Team aus vier fachlich kompetenten Gesellen und zwei Auszubildenden.<\/p>\n<p>&nbsp;<\/p>\n<p>Durch langj\u00e4hrige Zusammenarbeit mit anderen Handwerksbetrieben decken wir ein gro\u00dfes Spektrum an Leistungen und Kompetenzen ab.<\/p>\n<\/div>\n\t\t<\/div><div id=\"panel-gb16-69f5f09205ca4-0-0-1\" class=\"so-panel widget widget_media_image panel-last-child\" data-index=\"1\" ><img loading=\"lazy\" decoding=\"async\" width=\"2313\" height=\"780\" src=\"https:\/\/www.stuck-mirschberger.de\/wp-content\/uploads\/2021\/02\/Halle.jpg\" class=\"image wp-image-232  attachment-full size-full\" alt=\"\" style=\"max-width: 100%; height: auto;\" srcset=\"https:\/\/www.stuck-mirschberger.de\/wp-content\/uploads\/2021\/02\/Halle.jpg 2313w, https:\/\/www.stuck-mirschberger.de\/wp-content\/uploads\/2021\/02\/Halle-300x101.jpg 300w, https:\/\/www.stuck-mirschberger.de\/wp-content\/uploads\/2021\/02\/Halle-1024x345.jpg 1024w, https:\/\/www.stuck-mirschberger.de\/wp-content\/uploads\/2021\/02\/Halle-768x259.jpg 768w, https:\/\/www.stuck-mirschberger.de\/wp-content\/uploads\/2021\/02\/Halle-1536x518.jpg 1536w, https:\/\/www.stuck-mirschberger.de\/wp-content\/uploads\/2021\/02\/Halle-2048x691.jpg 2048w\" sizes=\"auto, (max-width: 2313px) 100vw, 2313px\" \/><\/div><\/div><\/div><\/div>","protected":false},"excerpt":{"rendered":"<p>Der Betrieb wurde im Jahr 1994 von Werner Mirschberger gegr\u00fcndet. Bereits im Dezember 1994 bestand das Team aus 3 Mitarbeitern. Seit dem Jahr 1997 bilden wir zudem kontinuierlich neuen Nachwuchs aus. Das erste Betriebsgel\u00e4nde befand sich auf dem privaten Anwesen der Familie. Ein Neubau des Betriebsgel\u00e4ndes im Gewerbegebiet Gro\u00dfenseebach erfolgte im Jahre 2011, der Umzug [&hellip;]<\/p>\n","protected":false},"author":1,"featured_media":0,"parent":0,"menu_order":0,"comment_status":"closed","ping_status":"closed","template":"","meta":{"_monsterinsights_skip_tracking":false,"_monsterinsights_sitenote_active":false,"_monsterinsights_sitenote_note":"","_monsterinsights_sitenote_category":0,"footnotes":""},"class_list":["post-16","page","type-page","status-publish","hentry","post"],"yoast_head":"<!-- This site is optimized with the Yoast SEO plugin v27.5 - https:\/\/yoast.com\/product\/yoast-seo-wordpress\/ -->\n<title>\u00dcber uns - Stuck Mirschberger<\/title>\n<meta name=\"robots\" content=\"index, follow, max-snippet:-1, max-image-preview:large, max-video-preview:-1\" \/>\n<link rel=\"canonical\" href=\"https:\/\/www.stuck-mirschberger.de\/?page_id=16\" \/>\n<meta property=\"og:locale\" content=\"de_DE\" \/>\n<meta property=\"og:type\" content=\"article\" \/>\n<meta property=\"og:title\" content=\"\u00dcber uns - Stuck Mirschberger\" \/>\n<meta property=\"og:description\" content=\"Der Betrieb wurde im Jahr 1994 von Werner Mirschberger gegr\u00fcndet. Bereits im Dezember 1994 bestand das Team aus 3 Mitarbeitern. Seit dem Jahr 1997 bilden wir zudem kontinuierlich neuen Nachwuchs aus. Das erste Betriebsgel\u00e4nde befand sich auf dem privaten Anwesen der Familie. Ein Neubau des Betriebsgel\u00e4ndes im Gewerbegebiet Gro\u00dfenseebach erfolgte im Jahre 2011, der Umzug [&hellip;]\" \/>\n<meta property=\"og:url\" content=\"https:\/\/www.stuck-mirschberger.de\/?page_id=16\" \/>\n<meta property=\"og:site_name\" content=\"Stuck Mirschberger\" \/>\n<meta property=\"article:modified_time\" content=\"2021-03-02T08:05:50+00:00\" \/>\n<meta property=\"og:image\" content=\"https:\/\/flowexperts.de\/wp-content\/uploads\/2021\/02\/Halle.jpg\" \/>\n<meta name=\"twitter:card\" content=\"summary_large_image\" \/>\n<meta name=\"twitter:label1\" content=\"Gesch\u00e4tzte Lesezeit\" \/>\n\t<meta name=\"twitter:data1\" content=\"1\u00a0Minute\" \/>\n<script type=\"application\/ld+json\" class=\"yoast-schema-graph\">{\"@context\":\"https:\\\/\\\/schema.org\",\"@graph\":[{\"@type\":\"WebPage\",\"@id\":\"https:\\\/\\\/www.stuck-mirschberger.de\\\/?page_id=16\",\"url\":\"https:\\\/\\\/www.stuck-mirschberger.de\\\/?page_id=16\",\"name\":\"\u00dcber uns - Stuck Mirschberger\",\"isPartOf\":{\"@id\":\"https:\\\/\\\/www.stuck-mirschberger.de\\\/#website\"},\"primaryImageOfPage\":{\"@id\":\"https:\\\/\\\/www.stuck-mirschberger.de\\\/?page_id=16#primaryimage\"},\"image\":{\"@id\":\"https:\\\/\\\/www.stuck-mirschberger.de\\\/?page_id=16#primaryimage\"},\"thumbnailUrl\":\"https:\\\/\\\/flowexperts.de\\\/wp-content\\\/uploads\\\/2021\\\/02\\\/Halle.jpg\",\"datePublished\":\"2021-02-07T21:00:22+00:00\",\"dateModified\":\"2021-03-02T08:05:50+00:00\",\"breadcrumb\":{\"@id\":\"https:\\\/\\\/www.stuck-mirschberger.de\\\/?page_id=16#breadcrumb\"},\"inLanguage\":\"de\",\"potentialAction\":[{\"@type\":\"ReadAction\",\"target\":[\"https:\\\/\\\/www.stuck-mirschberger.de\\\/?page_id=16\"]}]},{\"@type\":\"ImageObject\",\"inLanguage\":\"de\",\"@id\":\"https:\\\/\\\/www.stuck-mirschberger.de\\\/?page_id=16#primaryimage\",\"url\":\"https:\\\/\\\/flowexperts.de\\\/wp-content\\\/uploads\\\/2021\\\/02\\\/Halle.jpg\",\"contentUrl\":\"https:\\\/\\\/flowexperts.de\\\/wp-content\\\/uploads\\\/2021\\\/02\\\/Halle.jpg\"},{\"@type\":\"BreadcrumbList\",\"@id\":\"https:\\\/\\\/www.stuck-mirschberger.de\\\/?page_id=16#breadcrumb\",\"itemListElement\":[{\"@type\":\"ListItem\",\"position\":1,\"name\":\"Startseite\",\"item\":\"https:\\\/\\\/www.stuck-mirschberger.de\\\/\"},{\"@type\":\"ListItem\",\"position\":2,\"name\":\"\u00dcber uns\"}]},{\"@type\":\"WebSite\",\"@id\":\"https:\\\/\\\/www.stuck-mirschberger.de\\\/#website\",\"url\":\"https:\\\/\\\/www.stuck-mirschberger.de\\\/\",\"name\":\"Stuck Mirschberger\",\"description\":\"Stuck aus Meisterhand\",\"potentialAction\":[{\"@type\":\"SearchAction\",\"target\":{\"@type\":\"EntryPoint\",\"urlTemplate\":\"https:\\\/\\\/www.stuck-mirschberger.de\\\/?s={search_term_string}\"},\"query-input\":{\"@type\":\"PropertyValueSpecification\",\"valueRequired\":true,\"valueName\":\"search_term_string\"}}],\"inLanguage\":\"de\"}]}<\/script>\n<!-- \/ Yoast SEO plugin. -->","yoast_head_json":{"title":"\u00dcber uns - Stuck Mirschberger","robots":{"index":"index","follow":"follow","max-snippet":"max-snippet:-1","max-image-preview":"max-image-preview:large","max-video-preview":"max-video-preview:-1"},"canonical":"https:\/\/www.stuck-mirschberger.de\/?page_id=16","og_locale":"de_DE","og_type":"article","og_title":"\u00dcber uns - Stuck Mirschberger","og_description":"Der Betrieb wurde im Jahr 1994 von Werner Mirschberger gegr\u00fcndet. Bereits im Dezember 1994 bestand das Team aus 3 Mitarbeitern. Seit dem Jahr 1997 bilden wir zudem kontinuierlich neuen Nachwuchs aus. Das erste Betriebsgel\u00e4nde befand sich auf dem privaten Anwesen der Familie. Ein Neubau des Betriebsgel\u00e4ndes im Gewerbegebiet Gro\u00dfenseebach erfolgte im Jahre 2011, der Umzug [&hellip;]","og_url":"https:\/\/www.stuck-mirschberger.de\/?page_id=16","og_site_name":"Stuck Mirschberger","article_modified_time":"2021-03-02T08:05:50+00:00","og_image":[{"url":"https:\/\/flowexperts.de\/wp-content\/uploads\/2021\/02\/Halle.jpg","type":"","width":"","height":""}],"twitter_card":"summary_large_image","twitter_misc":{"Gesch\u00e4tzte Lesezeit":"1\u00a0Minute"},"schema":{"@context":"https:\/\/schema.org","@graph":[{"@type":"WebPage","@id":"https:\/\/www.stuck-mirschberger.de\/?page_id=16","url":"https:\/\/www.stuck-mirschberger.de\/?page_id=16","name":"\u00dcber uns - Stuck Mirschberger","isPartOf":{"@id":"https:\/\/www.stuck-mirschberger.de\/#website"},"primaryImageOfPage":{"@id":"https:\/\/www.stuck-mirschberger.de\/?page_id=16#primaryimage"},"image":{"@id":"https:\/\/www.stuck-mirschberger.de\/?page_id=16#primaryimage"},"thumbnailUrl":"https:\/\/flowexperts.de\/wp-content\/uploads\/2021\/02\/Halle.jpg","datePublished":"2021-02-07T21:00:22+00:00","dateModified":"2021-03-02T08:05:50+00:00","breadcrumb":{"@id":"https:\/\/www.stuck-mirschberger.de\/?page_id=16#breadcrumb"},"inLanguage":"de","potentialAction":[{"@type":"ReadAction","target":["https:\/\/www.stuck-mirschberger.de\/?page_id=16"]}]},{"@type":"ImageObject","inLanguage":"de","@id":"https:\/\/www.stuck-mirschberger.de\/?page_id=16#primaryimage","url":"https:\/\/flowexperts.de\/wp-content\/uploads\/2021\/02\/Halle.jpg","contentUrl":"https:\/\/flowexperts.de\/wp-content\/uploads\/2021\/02\/Halle.jpg"},{"@type":"BreadcrumbList","@id":"https:\/\/www.stuck-mirschberger.de\/?page_id=16#breadcrumb","itemListElement":[{"@type":"ListItem","position":1,"name":"Startseite","item":"https:\/\/www.stuck-mirschberger.de\/"},{"@type":"ListItem","position":2,"name":"\u00dcber uns"}]},{"@type":"WebSite","@id":"https:\/\/www.stuck-mirschberger.de\/#website","url":"https:\/\/www.stuck-mirschberger.de\/","name":"Stuck Mirschberger","description":"Stuck aus Meisterhand","potentialAction":[{"@type":"SearchAction","target":{"@type":"EntryPoint","urlTemplate":"https:\/\/www.stuck-mirschberger.de\/?s={search_term_string}"},"query-input":{"@type":"PropertyValueSpecification","valueRequired":true,"valueName":"search_term_string"}}],"inLanguage":"de"}]}},"_links":{"self":[{"href":"https:\/\/www.stuck-mirschberger.de\/index.php?rest_route=\/wp\/v2\/pages\/16","targetHints":{"allow":["GET"]}}],"collection":[{"href":"https:\/\/www.stuck-mirschberger.de\/index.php?rest_route=\/wp\/v2\/pages"}],"about":[{"href":"https:\/\/www.stuck-mirschberger.de\/index.php?rest_route=\/wp\/v2\/types\/page"}],"author":[{"embeddable":true,"href":"https:\/\/www.stuck-mirschberger.de\/index.php?rest_route=\/wp\/v2\/users\/1"}],"replies":[{"embeddable":true,"href":"https:\/\/www.stuck-mirschberger.de\/index.php?rest_route=%2Fwp%2Fv2%2Fcomments&post=16"}],"version-history":[{"count":4,"href":"https:\/\/www.stuck-mirschberger.de\/index.php?rest_route=\/wp\/v2\/pages\/16\/revisions"}],"predecessor-version":[{"id":349,"href":"https:\/\/www.stuck-mirschberger.de\/index.php?rest_route=\/wp\/v2\/pages\/16\/revisions\/349"}],"wp:attachment":[{"href":"https:\/\/www.stuck-mirschberger.de\/index.php?rest_route=%2Fwp%2Fv2%2Fmedia&parent=16"}],"curies":[{"name":"wp","href":"https:\/\/api.w.org\/{rel}","templated":true}]}}