{"id":182,"date":"2021-02-08T20:12:47","date_gmt":"2021-02-08T20:12:47","guid":{"rendered":"https:\/\/flowexperts.de\/?page_id=182"},"modified":"2022-01-05T14:05:56","modified_gmt":"2022-01-05T14:05:56","slug":"altbausanierung","status":"publish","type":"page","link":"https:\/\/www.stuck-mirschberger.de\/?page_id=182","title":{"rendered":"Altbausanierung"},"content":{"rendered":"<div id=\"pl-gb182-69f5f09c2138d\"  class=\"panel-layout\" ><div id=\"pg-gb182-69f5f09c2138d-0\"  class=\"panel-grid panel-no-style\" ><div id=\"pgc-gb182-69f5f09c2138d-0-0\"  class=\"panel-grid-cell\" ><div id=\"panel-gb182-69f5f09c2138d-0-0-0\" class=\"so-panel widget widget_text panel-first-child panel-last-child\" data-index=\"0\" >\t\t\t<div class=\"textwidget\"><p><b>Altbausanierung geh\u00f6rt zu unseren Lieblingsaufgaben, wir finden es immer wieder sch\u00f6n und beeindruckend altes im neuem Glanz erstrahlen zu lassen.<\/b><\/p>\n<p>&nbsp;<\/p>\n<p><strong>Wenn Sie fragen oder eine Beratung zum Thema Altbausanierung w\u00fcnschen z\u00f6gern Sie nicht, sondern schreiben Sie uns direkt \u00fcber unser Kontaktformular an. Ihr kompetentes Stuck Mirschberger Team ber\u00e4t Sie gerne.<\/strong><\/p>\n<p>&nbsp;<\/p>\n<p><strong>Bei uns erhalten Sie:<\/strong><\/p>\n<p><strong>\u201c Qualit\u00e4t aus Meisterhand\u201c<\/strong><\/p>\n<p>&nbsp;<\/p>\n<p>Link:\u00a0\u00a0<a href=\"https:\/\/www.stuck-mirschberger.de\/?page_id=20\">Kontaktformular<\/a><\/p>\n<\/div>\n\t\t<\/div><\/div><div id=\"pgc-gb182-69f5f09c2138d-0-1\"  class=\"panel-grid-cell\" ><div id=\"panel-gb182-69f5f09c2138d-0-1-0\" class=\"so-panel widget widget_media_image panel-first-child panel-last-child\" data-index=\"1\" ><img loading=\"lazy\" decoding=\"async\" width=\"720\" height=\"405\" src=\"https:\/\/www.stuck-mirschberger.de\/wp-content\/uploads\/2021\/04\/architecture-house-town-home-downtown-vacation-1276567-pxhere.com_-1024x576.jpg\" class=\"image wp-image-394  attachment-large size-large\" alt=\"\" style=\"max-width: 100%; height: auto;\" srcset=\"https:\/\/www.stuck-mirschberger.de\/wp-content\/uploads\/2021\/04\/architecture-house-town-home-downtown-vacation-1276567-pxhere.com_-1024x576.jpg 1024w, https:\/\/www.stuck-mirschberger.de\/wp-content\/uploads\/2021\/04\/architecture-house-town-home-downtown-vacation-1276567-pxhere.com_-300x169.jpg 300w, https:\/\/www.stuck-mirschberger.de\/wp-content\/uploads\/2021\/04\/architecture-house-town-home-downtown-vacation-1276567-pxhere.com_-768x432.jpg 768w, https:\/\/www.stuck-mirschberger.de\/wp-content\/uploads\/2021\/04\/architecture-house-town-home-downtown-vacation-1276567-pxhere.com_-1536x864.jpg 1536w, https:\/\/www.stuck-mirschberger.de\/wp-content\/uploads\/2021\/04\/architecture-house-town-home-downtown-vacation-1276567-pxhere.com_.jpg 1600w\" sizes=\"auto, (max-width: 720px) 100vw, 720px\" \/><\/div><\/div><\/div><\/div>","protected":false},"excerpt":{"rendered":"<p>Altbausanierung geh\u00f6rt zu unseren Lieblingsaufgaben, wir finden es immer wieder sch\u00f6n und beeindruckend altes im neuem Glanz erstrahlen zu lassen. &nbsp; Wenn Sie fragen oder eine Beratung zum Thema Altbausanierung w\u00fcnschen z\u00f6gern Sie nicht, sondern schreiben Sie uns direkt \u00fcber unser Kontaktformular an. Ihr kompetentes Stuck Mirschberger Team ber\u00e4t Sie gerne. &nbsp; Bei uns erhalten [&hellip;]<\/p>\n","protected":false},"author":1,"featured_media":0,"parent":0,"menu_order":0,"comment_status":"closed","ping_status":"closed","template":"","meta":{"_monsterinsights_skip_tracking":false,"_monsterinsights_sitenote_active":false,"_monsterinsights_sitenote_note":"","_monsterinsights_sitenote_category":0,"footnotes":""},"class_list":["post-182","page","type-page","status-publish","hentry","post"],"yoast_head":"<!-- This site is optimized with the Yoast SEO plugin v27.5 - https:\/\/yoast.com\/product\/yoast-seo-wordpress\/ -->\n<title>Altbausanierung - Stuck Mirschberger<\/title>\n<meta name=\"description\" content=\"Altbausanierung geh\u00f6rt zu unseren Lieblingsaufgaben, wir finden es immer wieder sch\u00f6n und beeindruckend altes im neuem Glanz erstrahlen zu lassen.\" \/>\n<meta name=\"robots\" content=\"index, follow, max-snippet:-1, max-image-preview:large, max-video-preview:-1\" \/>\n<link rel=\"canonical\" href=\"https:\/\/www.stuck-mirschberger.de\/?page_id=182\" \/>\n<meta property=\"og:locale\" content=\"de_DE\" \/>\n<meta property=\"og:type\" content=\"article\" \/>\n<meta property=\"og:title\" content=\"Altbausanierung - Stuck Mirschberger\" \/>\n<meta property=\"og:description\" content=\"Altbausanierung geh\u00f6rt zu unseren Lieblingsaufgaben, wir finden es immer wieder sch\u00f6n und beeindruckend altes im neuem Glanz erstrahlen zu lassen.\" \/>\n<meta property=\"og:url\" content=\"https:\/\/www.stuck-mirschberger.de\/?page_id=182\" \/>\n<meta property=\"og:site_name\" content=\"Stuck Mirschberger\" \/>\n<meta property=\"article:modified_time\" content=\"2022-01-05T14:05:56+00:00\" \/>\n<meta property=\"og:image\" content=\"https:\/\/www.stuck-mirschberger.de\/wp-content\/uploads\/2021\/04\/architecture-house-town-home-downtown-vacation-1276567-pxhere.com_-1024x576.jpg\" \/>\n<meta name=\"twitter:card\" content=\"summary_large_image\" \/>\n<meta name=\"twitter:label1\" content=\"Gesch\u00e4tzte Lesezeit\" \/>\n\t<meta name=\"twitter:data1\" content=\"1\u00a0Minute\" \/>\n<script type=\"application\/ld+json\" class=\"yoast-schema-graph\">{\"@context\":\"https:\\\/\\\/schema.org\",\"@graph\":[{\"@type\":\"WebPage\",\"@id\":\"https:\\\/\\\/www.stuck-mirschberger.de\\\/?page_id=182\",\"url\":\"https:\\\/\\\/www.stuck-mirschberger.de\\\/?page_id=182\",\"name\":\"Altbausanierung - Stuck Mirschberger\",\"isPartOf\":{\"@id\":\"https:\\\/\\\/www.stuck-mirschberger.de\\\/#website\"},\"primaryImageOfPage\":{\"@id\":\"https:\\\/\\\/www.stuck-mirschberger.de\\\/?page_id=182#primaryimage\"},\"image\":{\"@id\":\"https:\\\/\\\/www.stuck-mirschberger.de\\\/?page_id=182#primaryimage\"},\"thumbnailUrl\":\"https:\\\/\\\/www.stuck-mirschberger.de\\\/wp-content\\\/uploads\\\/2021\\\/04\\\/architecture-house-town-home-downtown-vacation-1276567-pxhere.com_-1024x576.jpg\",\"datePublished\":\"2021-02-08T20:12:47+00:00\",\"dateModified\":\"2022-01-05T14:05:56+00:00\",\"description\":\"Altbausanierung geh\u00f6rt zu unseren Lieblingsaufgaben, wir finden es immer wieder sch\u00f6n und beeindruckend altes im neuem Glanz erstrahlen zu lassen.\",\"breadcrumb\":{\"@id\":\"https:\\\/\\\/www.stuck-mirschberger.de\\\/?page_id=182#breadcrumb\"},\"inLanguage\":\"de\",\"potentialAction\":[{\"@type\":\"ReadAction\",\"target\":[\"https:\\\/\\\/www.stuck-mirschberger.de\\\/?page_id=182\"]}]},{\"@type\":\"ImageObject\",\"inLanguage\":\"de\",\"@id\":\"https:\\\/\\\/www.stuck-mirschberger.de\\\/?page_id=182#primaryimage\",\"url\":\"https:\\\/\\\/www.stuck-mirschberger.de\\\/wp-content\\\/uploads\\\/2021\\\/04\\\/architecture-house-town-home-downtown-vacation-1276567-pxhere.com_.jpg\",\"contentUrl\":\"https:\\\/\\\/www.stuck-mirschberger.de\\\/wp-content\\\/uploads\\\/2021\\\/04\\\/architecture-house-town-home-downtown-vacation-1276567-pxhere.com_.jpg\",\"width\":1600,\"height\":900},{\"@type\":\"BreadcrumbList\",\"@id\":\"https:\\\/\\\/www.stuck-mirschberger.de\\\/?page_id=182#breadcrumb\",\"itemListElement\":[{\"@type\":\"ListItem\",\"position\":1,\"name\":\"Startseite\",\"item\":\"https:\\\/\\\/www.stuck-mirschberger.de\\\/\"},{\"@type\":\"ListItem\",\"position\":2,\"name\":\"Altbausanierung\"}]},{\"@type\":\"WebSite\",\"@id\":\"https:\\\/\\\/www.stuck-mirschberger.de\\\/#website\",\"url\":\"https:\\\/\\\/www.stuck-mirschberger.de\\\/\",\"name\":\"Stuck Mirschberger\",\"description\":\"Stuck aus Meisterhand\",\"potentialAction\":[{\"@type\":\"SearchAction\",\"target\":{\"@type\":\"EntryPoint\",\"urlTemplate\":\"https:\\\/\\\/www.stuck-mirschberger.de\\\/?s={search_term_string}\"},\"query-input\":{\"@type\":\"PropertyValueSpecification\",\"valueRequired\":true,\"valueName\":\"search_term_string\"}}],\"inLanguage\":\"de\"}]}<\/script>\n<!-- \/ Yoast SEO plugin. -->","yoast_head_json":{"title":"Altbausanierung - Stuck Mirschberger","description":"Altbausanierung geh\u00f6rt zu unseren Lieblingsaufgaben, wir finden es immer wieder sch\u00f6n und beeindruckend altes im neuem Glanz erstrahlen zu lassen.","robots":{"index":"index","follow":"follow","max-snippet":"max-snippet:-1","max-image-preview":"max-image-preview:large","max-video-preview":"max-video-preview:-1"},"canonical":"https:\/\/www.stuck-mirschberger.de\/?page_id=182","og_locale":"de_DE","og_type":"article","og_title":"Altbausanierung - Stuck Mirschberger","og_description":"Altbausanierung geh\u00f6rt zu unseren Lieblingsaufgaben, wir finden es immer wieder sch\u00f6n und beeindruckend altes im neuem Glanz erstrahlen zu lassen.","og_url":"https:\/\/www.stuck-mirschberger.de\/?page_id=182","og_site_name":"Stuck Mirschberger","article_modified_time":"2022-01-05T14:05:56+00:00","og_image":[{"url":"https:\/\/www.stuck-mirschberger.de\/wp-content\/uploads\/2021\/04\/architecture-house-town-home-downtown-vacation-1276567-pxhere.com_-1024x576.jpg","type":"","width":"","height":""}],"twitter_card":"summary_large_image","twitter_misc":{"Gesch\u00e4tzte Lesezeit":"1\u00a0Minute"},"schema":{"@context":"https:\/\/schema.org","@graph":[{"@type":"WebPage","@id":"https:\/\/www.stuck-mirschberger.de\/?page_id=182","url":"https:\/\/www.stuck-mirschberger.de\/?page_id=182","name":"Altbausanierung - Stuck Mirschberger","isPartOf":{"@id":"https:\/\/www.stuck-mirschberger.de\/#website"},"primaryImageOfPage":{"@id":"https:\/\/www.stuck-mirschberger.de\/?page_id=182#primaryimage"},"image":{"@id":"https:\/\/www.stuck-mirschberger.de\/?page_id=182#primaryimage"},"thumbnailUrl":"https:\/\/www.stuck-mirschberger.de\/wp-content\/uploads\/2021\/04\/architecture-house-town-home-downtown-vacation-1276567-pxhere.com_-1024x576.jpg","datePublished":"2021-02-08T20:12:47+00:00","dateModified":"2022-01-05T14:05:56+00:00","description":"Altbausanierung geh\u00f6rt zu unseren Lieblingsaufgaben, wir finden es immer wieder sch\u00f6n und beeindruckend altes im neuem Glanz erstrahlen zu lassen.","breadcrumb":{"@id":"https:\/\/www.stuck-mirschberger.de\/?page_id=182#breadcrumb"},"inLanguage":"de","potentialAction":[{"@type":"ReadAction","target":["https:\/\/www.stuck-mirschberger.de\/?page_id=182"]}]},{"@type":"ImageObject","inLanguage":"de","@id":"https:\/\/www.stuck-mirschberger.de\/?page_id=182#primaryimage","url":"https:\/\/www.stuck-mirschberger.de\/wp-content\/uploads\/2021\/04\/architecture-house-town-home-downtown-vacation-1276567-pxhere.com_.jpg","contentUrl":"https:\/\/www.stuck-mirschberger.de\/wp-content\/uploads\/2021\/04\/architecture-house-town-home-downtown-vacation-1276567-pxhere.com_.jpg","width":1600,"height":900},{"@type":"BreadcrumbList","@id":"https:\/\/www.stuck-mirschberger.de\/?page_id=182#breadcrumb","itemListElement":[{"@type":"ListItem","position":1,"name":"Startseite","item":"https:\/\/www.stuck-mirschberger.de\/"},{"@type":"ListItem","position":2,"name":"Altbausanierung"}]},{"@type":"WebSite","@id":"https:\/\/www.stuck-mirschberger.de\/#website","url":"https:\/\/www.stuck-mirschberger.de\/","name":"Stuck Mirschberger","description":"Stuck aus Meisterhand","potentialAction":[{"@type":"SearchAction","target":{"@type":"EntryPoint","urlTemplate":"https:\/\/www.stuck-mirschberger.de\/?s={search_term_string}"},"query-input":{"@type":"PropertyValueSpecification","valueRequired":true,"valueName":"search_term_string"}}],"inLanguage":"de"}]}},"_links":{"self":[{"href":"https:\/\/www.stuck-mirschberger.de\/index.php?rest_route=\/wp\/v2\/pages\/182","targetHints":{"allow":["GET"]}}],"collection":[{"href":"https:\/\/www.stuck-mirschberger.de\/index.php?rest_route=\/wp\/v2\/pages"}],"about":[{"href":"https:\/\/www.stuck-mirschberger.de\/index.php?rest_route=\/wp\/v2\/types\/page"}],"author":[{"embeddable":true,"href":"https:\/\/www.stuck-mirschberger.de\/index.php?rest_route=\/wp\/v2\/users\/1"}],"replies":[{"embeddable":true,"href":"https:\/\/www.stuck-mirschberger.de\/index.php?rest_route=%2Fwp%2Fv2%2Fcomments&post=182"}],"version-history":[{"count":3,"href":"https:\/\/www.stuck-mirschberger.de\/index.php?rest_route=\/wp\/v2\/pages\/182\/revisions"}],"predecessor-version":[{"id":425,"href":"https:\/\/www.stuck-mirschberger.de\/index.php?rest_route=\/wp\/v2\/pages\/182\/revisions\/425"}],"wp:attachment":[{"href":"https:\/\/www.stuck-mirschberger.de\/index.php?rest_route=%2Fwp%2Fv2%2Fmedia&parent=182"}],"curies":[{"name":"wp","href":"https:\/\/api.w.org\/{rel}","templated":true}]}}