{"id":448,"date":"2022-04-09T20:40:19","date_gmt":"2022-04-09T20:40:19","guid":{"rendered":"https:\/\/www.stuck-mirschberger.de\/?page_id=448"},"modified":"2022-04-12T06:56:45","modified_gmt":"2022-04-12T06:56:45","slug":"stuckateur-m-w-d-maler-m-w-d-bauhelfer-m-w-d","status":"publish","type":"page","link":"https:\/\/www.stuck-mirschberger.de\/?page_id=448","title":{"rendered":"Stuckateur (m\/w\/d)"},"content":{"rendered":"<div id=\"pl-448\"  class=\"panel-layout\" ><div id=\"pg-448-0\"  class=\"panel-grid panel-no-style\" ><div id=\"pgc-448-0-0\"  class=\"panel-grid-cell\" ><div id=\"panel-448-0-0-0\" class=\"so-panel widget widget_text panel-first-child panel-last-child\" data-index=\"0\" >\t\t\t<div class=\"textwidget\"><h2 class=\"page-subtitle th-page-subtitle h3\">Wir suchen eine\/n Stuckateur\/in<\/h2>\n<div class=\"expose-description clearfix\">\n<p><b>Du hast Lust in einem spitzen Team zu arbeiten und gemeinsam etwas zu erreichen ? Dann bist du bei uns genau richtig !!<\/b><\/p>\n<\/div>\n<p>&nbsp;<\/p>\n<div class=\"expose-description clearfix\">\n<p><strong>Dein Profil:<\/strong><\/p>\n<ul>\n<li>Eine abgeschlossene Berufsausbildung oder eine mehrj\u00e4hrige Praxiserfahrung in den Leistungsbereichen Innenputz-, Au\u00dfenputzarbeiten, Malerarbeiten und WDVS-Systemen<\/li>\n<li>Zuverl\u00e4ssigkeit<\/li>\n<li>Flexibilit\u00e4t<\/li>\n<li>Teamf\u00e4higkeit<\/li>\n<li>Selbstst\u00e4ndige Arbeitsweise und Eigeninitiative<\/li>\n<li>Offen f\u00fcr Neues<\/li>\n<\/ul>\n<p><strong>Wir bieten:<\/strong><\/p>\n<ul>\n<li>Familienfreundliche Unternehmensstruktur<\/li>\n<li>Ein engagiertes und dynamisches Team<\/li>\n<li>Interessantes und fortschrittliches Aufgabenumfeld<\/li>\n<li>Langfristiger und sicherer Arbeitsplatz<\/li>\n<li>Angenehmes Arbeitsklima<\/li>\n<li>Flache Hierarchien und Informationswege<\/li>\n<li>Weiterbildungsm\u00f6glichkeiten<\/li>\n<li>Leistungsorientierte Bezahlung<\/li>\n<\/ul>\n<\/div>\n<p>&nbsp;<\/p>\n<p>&nbsp;<\/p>\n<p><strong>Wir haben dein Interesse geweckt, dann melde dich einfach ganz unkompliziert per <a href=\"https:\/\/www.stuck-mirschberger.de\/?page_id=17\">Telefon<\/a> oder <a href=\"mailto:info@stuck-mirschberger.de\">Mail<\/a> !\u00a0<\/strong><\/p>\n<p>Hier findest du unsere <strong><a href=\"https:\/\/www.stuck-mirschberger.de\/?page_id=17\">Kontaktdaten<\/a><\/strong><\/p>\n<p><b>Euer Stuck Mirschberger Team<\/b><\/p>\n<\/div>\n\t\t<\/div><\/div><\/div><\/div>","protected":false},"excerpt":{"rendered":"<p>Wir suchen eine\/n Stuckateur\/in Du hast Lust in einem spitzen Team zu arbeiten und gemeinsam etwas zu erreichen ? Dann bist du bei uns genau richtig !! &nbsp; Dein Profil: Eine abgeschlossene Berufsausbildung oder eine mehrj\u00e4hrige Praxiserfahrung in den Leistungsbereichen Innenputz-, Au\u00dfenputzarbeiten, Malerarbeiten und WDVS-Systemen Zuverl\u00e4ssigkeit Flexibilit\u00e4t Teamf\u00e4higkeit Selbstst\u00e4ndige Arbeitsweise und Eigeninitiative Offen f\u00fcr Neues [&hellip;]<\/p>\n","protected":false},"author":1,"featured_media":0,"parent":0,"menu_order":0,"comment_status":"closed","ping_status":"closed","template":"","meta":{"_monsterinsights_skip_tracking":false,"_monsterinsights_sitenote_active":false,"_monsterinsights_sitenote_note":"","_monsterinsights_sitenote_category":0,"footnotes":""},"class_list":["post-448","page","type-page","status-publish","hentry","post"],"yoast_head":"<!-- This site is optimized with the Yoast SEO plugin v27.5 - https:\/\/yoast.com\/product\/yoast-seo-wordpress\/ -->\n<title>Stuckateur (m\/w\/d) - Stuck Mirschberger<\/title>\n<meta name=\"robots\" content=\"index, follow, max-snippet:-1, max-image-preview:large, max-video-preview:-1\" \/>\n<link rel=\"canonical\" href=\"https:\/\/www.stuck-mirschberger.de\/?page_id=448\" \/>\n<meta property=\"og:locale\" content=\"de_DE\" \/>\n<meta property=\"og:type\" content=\"article\" \/>\n<meta property=\"og:title\" content=\"Stuckateur (m\/w\/d) - Stuck Mirschberger\" \/>\n<meta property=\"og:description\" content=\"Wir suchen eine\/n Stuckateur\/in Du hast Lust in einem spitzen Team zu arbeiten und gemeinsam etwas zu erreichen ? Dann bist du bei uns genau richtig !! &nbsp; Dein Profil: Eine abgeschlossene Berufsausbildung oder eine mehrj\u00e4hrige Praxiserfahrung in den Leistungsbereichen Innenputz-, Au\u00dfenputzarbeiten, Malerarbeiten und WDVS-Systemen Zuverl\u00e4ssigkeit Flexibilit\u00e4t Teamf\u00e4higkeit Selbstst\u00e4ndige Arbeitsweise und Eigeninitiative Offen f\u00fcr Neues [&hellip;]\" \/>\n<meta property=\"og:url\" content=\"https:\/\/www.stuck-mirschberger.de\/?page_id=448\" \/>\n<meta property=\"og:site_name\" content=\"Stuck Mirschberger\" \/>\n<meta property=\"article:modified_time\" content=\"2022-04-12T06:56:45+00:00\" \/>\n<meta name=\"twitter:card\" content=\"summary_large_image\" \/>\n<meta name=\"twitter:label1\" content=\"Gesch\u00e4tzte Lesezeit\" \/>\n\t<meta name=\"twitter:data1\" content=\"1\u00a0Minute\" \/>\n<script type=\"application\/ld+json\" class=\"yoast-schema-graph\">{\"@context\":\"https:\\\/\\\/schema.org\",\"@graph\":[{\"@type\":\"WebPage\",\"@id\":\"https:\\\/\\\/www.stuck-mirschberger.de\\\/?page_id=448\",\"url\":\"https:\\\/\\\/www.stuck-mirschberger.de\\\/?page_id=448\",\"name\":\"Stuckateur (m\\\/w\\\/d) - Stuck Mirschberger\",\"isPartOf\":{\"@id\":\"https:\\\/\\\/www.stuck-mirschberger.de\\\/#website\"},\"datePublished\":\"2022-04-09T20:40:19+00:00\",\"dateModified\":\"2022-04-12T06:56:45+00:00\",\"breadcrumb\":{\"@id\":\"https:\\\/\\\/www.stuck-mirschberger.de\\\/?page_id=448#breadcrumb\"},\"inLanguage\":\"de\",\"potentialAction\":[{\"@type\":\"ReadAction\",\"target\":[\"https:\\\/\\\/www.stuck-mirschberger.de\\\/?page_id=448\"]}]},{\"@type\":\"BreadcrumbList\",\"@id\":\"https:\\\/\\\/www.stuck-mirschberger.de\\\/?page_id=448#breadcrumb\",\"itemListElement\":[{\"@type\":\"ListItem\",\"position\":1,\"name\":\"Startseite\",\"item\":\"https:\\\/\\\/www.stuck-mirschberger.de\\\/\"},{\"@type\":\"ListItem\",\"position\":2,\"name\":\"Stuckateur (m\\\/w\\\/d)\"}]},{\"@type\":\"WebSite\",\"@id\":\"https:\\\/\\\/www.stuck-mirschberger.de\\\/#website\",\"url\":\"https:\\\/\\\/www.stuck-mirschberger.de\\\/\",\"name\":\"Stuck Mirschberger\",\"description\":\"Stuck aus Meisterhand\",\"potentialAction\":[{\"@type\":\"SearchAction\",\"target\":{\"@type\":\"EntryPoint\",\"urlTemplate\":\"https:\\\/\\\/www.stuck-mirschberger.de\\\/?s={search_term_string}\"},\"query-input\":{\"@type\":\"PropertyValueSpecification\",\"valueRequired\":true,\"valueName\":\"search_term_string\"}}],\"inLanguage\":\"de\"}]}<\/script>\n<!-- \/ Yoast SEO plugin. -->","yoast_head_json":{"title":"Stuckateur (m\/w\/d) - Stuck Mirschberger","robots":{"index":"index","follow":"follow","max-snippet":"max-snippet:-1","max-image-preview":"max-image-preview:large","max-video-preview":"max-video-preview:-1"},"canonical":"https:\/\/www.stuck-mirschberger.de\/?page_id=448","og_locale":"de_DE","og_type":"article","og_title":"Stuckateur (m\/w\/d) - Stuck Mirschberger","og_description":"Wir suchen eine\/n Stuckateur\/in Du hast Lust in einem spitzen Team zu arbeiten und gemeinsam etwas zu erreichen ? Dann bist du bei uns genau richtig !! &nbsp; Dein Profil: Eine abgeschlossene Berufsausbildung oder eine mehrj\u00e4hrige Praxiserfahrung in den Leistungsbereichen Innenputz-, Au\u00dfenputzarbeiten, Malerarbeiten und WDVS-Systemen Zuverl\u00e4ssigkeit Flexibilit\u00e4t Teamf\u00e4higkeit Selbstst\u00e4ndige Arbeitsweise und Eigeninitiative Offen f\u00fcr Neues [&hellip;]","og_url":"https:\/\/www.stuck-mirschberger.de\/?page_id=448","og_site_name":"Stuck Mirschberger","article_modified_time":"2022-04-12T06:56:45+00:00","twitter_card":"summary_large_image","twitter_misc":{"Gesch\u00e4tzte Lesezeit":"1\u00a0Minute"},"schema":{"@context":"https:\/\/schema.org","@graph":[{"@type":"WebPage","@id":"https:\/\/www.stuck-mirschberger.de\/?page_id=448","url":"https:\/\/www.stuck-mirschberger.de\/?page_id=448","name":"Stuckateur (m\/w\/d) - Stuck Mirschberger","isPartOf":{"@id":"https:\/\/www.stuck-mirschberger.de\/#website"},"datePublished":"2022-04-09T20:40:19+00:00","dateModified":"2022-04-12T06:56:45+00:00","breadcrumb":{"@id":"https:\/\/www.stuck-mirschberger.de\/?page_id=448#breadcrumb"},"inLanguage":"de","potentialAction":[{"@type":"ReadAction","target":["https:\/\/www.stuck-mirschberger.de\/?page_id=448"]}]},{"@type":"BreadcrumbList","@id":"https:\/\/www.stuck-mirschberger.de\/?page_id=448#breadcrumb","itemListElement":[{"@type":"ListItem","position":1,"name":"Startseite","item":"https:\/\/www.stuck-mirschberger.de\/"},{"@type":"ListItem","position":2,"name":"Stuckateur (m\/w\/d)"}]},{"@type":"WebSite","@id":"https:\/\/www.stuck-mirschberger.de\/#website","url":"https:\/\/www.stuck-mirschberger.de\/","name":"Stuck Mirschberger","description":"Stuck aus Meisterhand","potentialAction":[{"@type":"SearchAction","target":{"@type":"EntryPoint","urlTemplate":"https:\/\/www.stuck-mirschberger.de\/?s={search_term_string}"},"query-input":{"@type":"PropertyValueSpecification","valueRequired":true,"valueName":"search_term_string"}}],"inLanguage":"de"}]}},"_links":{"self":[{"href":"https:\/\/www.stuck-mirschberger.de\/index.php?rest_route=\/wp\/v2\/pages\/448","targetHints":{"allow":["GET"]}}],"collection":[{"href":"https:\/\/www.stuck-mirschberger.de\/index.php?rest_route=\/wp\/v2\/pages"}],"about":[{"href":"https:\/\/www.stuck-mirschberger.de\/index.php?rest_route=\/wp\/v2\/types\/page"}],"author":[{"embeddable":true,"href":"https:\/\/www.stuck-mirschberger.de\/index.php?rest_route=\/wp\/v2\/users\/1"}],"replies":[{"embeddable":true,"href":"https:\/\/www.stuck-mirschberger.de\/index.php?rest_route=%2Fwp%2Fv2%2Fcomments&post=448"}],"version-history":[{"count":13,"href":"https:\/\/www.stuck-mirschberger.de\/index.php?rest_route=\/wp\/v2\/pages\/448\/revisions"}],"predecessor-version":[{"id":489,"href":"https:\/\/www.stuck-mirschberger.de\/index.php?rest_route=\/wp\/v2\/pages\/448\/revisions\/489"}],"wp:attachment":[{"href":"https:\/\/www.stuck-mirschberger.de\/index.php?rest_route=%2Fwp%2Fv2%2Fmedia&parent=448"}],"curies":[{"name":"wp","href":"https:\/\/api.w.org\/{rel}","templated":true}]}}