{"id":46,"date":"2021-02-07T21:23:57","date_gmt":"2021-02-07T21:23:57","guid":{"rendered":"https:\/\/flowexperts.de\/?page_id=46"},"modified":"2022-01-05T14:07:52","modified_gmt":"2022-01-05T14:07:52","slug":"trockenbau","status":"publish","type":"page","link":"https:\/\/www.stuck-mirschberger.de\/?page_id=46","title":{"rendered":"Trockenbau"},"content":{"rendered":"<div id=\"pl-gb46-69f5eff957535\"  class=\"panel-layout\" ><div id=\"pg-gb46-69f5eff957535-0\"  class=\"panel-grid panel-no-style\" ><div id=\"pgc-gb46-69f5eff957535-0-0\"  class=\"panel-grid-cell\" ><div id=\"panel-gb46-69f5eff957535-0-0-0\" class=\"so-panel widget widget_text panel-first-child panel-last-child\" data-index=\"0\" >\t\t\t<div class=\"textwidget\"><p>&nbsp;<\/p>\n<p><strong>Trockenbau ist nicht nur eine Wand- oder Deckenverkleidung, sondern beeinflusst zudem grundlegend die Akustik, den Schallschutz, den Brandschutz und die W\u00e4rmed\u00e4mmung. Zudem wird Trockenbau auch als gestalterisches Mittel zur Veredlung ihres Objektes eingesetzt.<\/strong><\/p>\n<p>&nbsp;<\/p>\n<p><strong>Wenn Sie fragen oder eine Beratung zum Thema Trockenbau w\u00fcnschen z\u00f6gern Sie nicht, sondern schreiben Sie uns direkt \u00fcber unser Kontaktformular an. Ihr kompetentes Stuck Mirschberger Team ber\u00e4t Sie gerne.<\/strong><\/p>\n<p>&nbsp;<\/p>\n<p><strong>Bei uns erhalten Sie:<\/strong><\/p>\n<p><strong>\u201c Qualit\u00e4t aus Meisterhand\u201c<\/strong><\/p>\n<p>&nbsp;<\/p>\n<p>Link:\u00a0\u00a0<a href=\"https:\/\/www.stuck-mirschberger.de\/?page_id=20\">Kontaktformular<\/a><\/p>\n<\/div>\n\t\t<\/div><\/div><div id=\"pgc-gb46-69f5eff957535-0-1\"  class=\"panel-grid-cell\" ><div id=\"panel-gb46-69f5eff957535-0-1-0\" class=\"so-panel widget widget_media_image panel-first-child panel-last-child\" data-index=\"1\" ><div style=\"width: 1034px\" class=\"wp-caption alignnone\"><img loading=\"lazy\" decoding=\"async\" width=\"720\" height=\"480\" src=\"https:\/\/www.stuck-mirschberger.de\/wp-content\/uploads\/2021\/02\/drywall-plaster-lining-ceiling-building-interior-design-1608938-pxhere.com_-2-1024x683.jpg\" class=\"image wp-image-151  attachment-large size-large\" alt=\"\" style=\"max-width: 100%; height: auto;\" srcset=\"https:\/\/www.stuck-mirschberger.de\/wp-content\/uploads\/2021\/02\/drywall-plaster-lining-ceiling-building-interior-design-1608938-pxhere.com_-2-1024x683.jpg 1024w, https:\/\/www.stuck-mirschberger.de\/wp-content\/uploads\/2021\/02\/drywall-plaster-lining-ceiling-building-interior-design-1608938-pxhere.com_-2-300x200.jpg 300w, https:\/\/www.stuck-mirschberger.de\/wp-content\/uploads\/2021\/02\/drywall-plaster-lining-ceiling-building-interior-design-1608938-pxhere.com_-2-768x512.jpg 768w, https:\/\/www.stuck-mirschberger.de\/wp-content\/uploads\/2021\/02\/drywall-plaster-lining-ceiling-building-interior-design-1608938-pxhere.com_-2-1536x1024.jpg 1536w, https:\/\/www.stuck-mirschberger.de\/wp-content\/uploads\/2021\/02\/drywall-plaster-lining-ceiling-building-interior-design-1608938-pxhere.com_-2-2048x1365.jpg 2048w, https:\/\/www.stuck-mirschberger.de\/wp-content\/uploads\/2021\/02\/drywall-plaster-lining-ceiling-building-interior-design-1608938-pxhere.com_-2-272x182.jpg 272w\" sizes=\"auto, (max-width: 720px) 100vw, 720px\" \/><p class=\"wp-caption-text\">Trockenbau<\/p><\/div><\/div><\/div><\/div><\/div>","protected":false},"excerpt":{"rendered":"<p>&nbsp; Trockenbau ist nicht nur eine Wand- oder Deckenverkleidung, sondern beeinflusst zudem grundlegend die Akustik, den Schallschutz, den Brandschutz und die W\u00e4rmed\u00e4mmung. Zudem wird Trockenbau auch als gestalterisches Mittel zur Veredlung ihres Objektes eingesetzt. &nbsp; Wenn Sie fragen oder eine Beratung zum Thema Trockenbau w\u00fcnschen z\u00f6gern Sie nicht, sondern schreiben Sie uns direkt \u00fcber unser [&hellip;]<\/p>\n","protected":false},"author":1,"featured_media":0,"parent":0,"menu_order":0,"comment_status":"closed","ping_status":"closed","template":"","meta":{"_monsterinsights_skip_tracking":false,"_monsterinsights_sitenote_active":false,"_monsterinsights_sitenote_note":"","_monsterinsights_sitenote_category":0,"footnotes":""},"class_list":["post-46","page","type-page","status-publish","hentry","post"],"yoast_head":"<!-- This site is optimized with the Yoast SEO plugin v27.5 - https:\/\/yoast.com\/product\/yoast-seo-wordpress\/ -->\n<title>Trockenbau - Stuck Mirschberger<\/title>\n<meta name=\"description\" content=\"Trockenbau ist nicht nur eine Wand- oder Deckenverkleidung, sondern beeinflusst zudem grundlegend die Akustik, den Schallschutz, den Brandschutz und die W\u00e4rmed\u00e4mmung. Zudem wird Trockenbau auch als gestalterisches Mittel zur Veredlung ihres Objektes eingesetzt.\" \/>\n<meta name=\"robots\" content=\"index, follow, max-snippet:-1, max-image-preview:large, max-video-preview:-1\" \/>\n<link rel=\"canonical\" href=\"https:\/\/www.stuck-mirschberger.de\/?page_id=46\" \/>\n<meta property=\"og:locale\" content=\"de_DE\" \/>\n<meta property=\"og:type\" content=\"article\" \/>\n<meta property=\"og:title\" content=\"Trockenbau - Stuck Mirschberger\" \/>\n<meta property=\"og:description\" content=\"Trockenbau ist nicht nur eine Wand- oder Deckenverkleidung, sondern beeinflusst zudem grundlegend die Akustik, den Schallschutz, den Brandschutz und die W\u00e4rmed\u00e4mmung. Zudem wird Trockenbau auch als gestalterisches Mittel zur Veredlung ihres Objektes eingesetzt.\" \/>\n<meta property=\"og:url\" content=\"https:\/\/www.stuck-mirschberger.de\/?page_id=46\" \/>\n<meta property=\"og:site_name\" content=\"Stuck Mirschberger\" \/>\n<meta property=\"article:modified_time\" content=\"2022-01-05T14:07:52+00:00\" \/>\n<meta property=\"og:image\" content=\"https:\/\/www.stuck-mirschberger.de\/wp-content\/uploads\/2021\/02\/drywall-plaster-lining-ceiling-building-interior-design-1608938-pxhere.com_-2-1024x683.jpg\" \/>\n<meta name=\"twitter:card\" content=\"summary_large_image\" \/>\n<meta name=\"twitter:label1\" content=\"Gesch\u00e4tzte Lesezeit\" \/>\n\t<meta name=\"twitter:data1\" content=\"1\u00a0Minute\" \/>\n<script type=\"application\/ld+json\" class=\"yoast-schema-graph\">{\"@context\":\"https:\\\/\\\/schema.org\",\"@graph\":[{\"@type\":\"WebPage\",\"@id\":\"https:\\\/\\\/www.stuck-mirschberger.de\\\/?page_id=46\",\"url\":\"https:\\\/\\\/www.stuck-mirschberger.de\\\/?page_id=46\",\"name\":\"Trockenbau - Stuck Mirschberger\",\"isPartOf\":{\"@id\":\"https:\\\/\\\/www.stuck-mirschberger.de\\\/#website\"},\"primaryImageOfPage\":{\"@id\":\"https:\\\/\\\/www.stuck-mirschberger.de\\\/?page_id=46#primaryimage\"},\"image\":{\"@id\":\"https:\\\/\\\/www.stuck-mirschberger.de\\\/?page_id=46#primaryimage\"},\"thumbnailUrl\":\"https:\\\/\\\/www.stuck-mirschberger.de\\\/wp-content\\\/uploads\\\/2021\\\/02\\\/drywall-plaster-lining-ceiling-building-interior-design-1608938-pxhere.com_-2-1024x683.jpg\",\"datePublished\":\"2021-02-07T21:23:57+00:00\",\"dateModified\":\"2022-01-05T14:07:52+00:00\",\"description\":\"Trockenbau ist nicht nur eine Wand- oder Deckenverkleidung, sondern beeinflusst zudem grundlegend die Akustik, den Schallschutz, den Brandschutz und die W\u00e4rmed\u00e4mmung. Zudem wird Trockenbau auch als gestalterisches Mittel zur Veredlung ihres Objektes eingesetzt.\",\"breadcrumb\":{\"@id\":\"https:\\\/\\\/www.stuck-mirschberger.de\\\/?page_id=46#breadcrumb\"},\"inLanguage\":\"de\",\"potentialAction\":[{\"@type\":\"ReadAction\",\"target\":[\"https:\\\/\\\/www.stuck-mirschberger.de\\\/?page_id=46\"]}]},{\"@type\":\"ImageObject\",\"inLanguage\":\"de\",\"@id\":\"https:\\\/\\\/www.stuck-mirschberger.de\\\/?page_id=46#primaryimage\",\"url\":\"https:\\\/\\\/www.stuck-mirschberger.de\\\/wp-content\\\/uploads\\\/2021\\\/02\\\/drywall-plaster-lining-ceiling-building-interior-design-1608938-pxhere.com_-2-1024x683.jpg\",\"contentUrl\":\"https:\\\/\\\/www.stuck-mirschberger.de\\\/wp-content\\\/uploads\\\/2021\\\/02\\\/drywall-plaster-lining-ceiling-building-interior-design-1608938-pxhere.com_-2-1024x683.jpg\"},{\"@type\":\"BreadcrumbList\",\"@id\":\"https:\\\/\\\/www.stuck-mirschberger.de\\\/?page_id=46#breadcrumb\",\"itemListElement\":[{\"@type\":\"ListItem\",\"position\":1,\"name\":\"Startseite\",\"item\":\"https:\\\/\\\/www.stuck-mirschberger.de\\\/\"},{\"@type\":\"ListItem\",\"position\":2,\"name\":\"Trockenbau\"}]},{\"@type\":\"WebSite\",\"@id\":\"https:\\\/\\\/www.stuck-mirschberger.de\\\/#website\",\"url\":\"https:\\\/\\\/www.stuck-mirschberger.de\\\/\",\"name\":\"Stuck Mirschberger\",\"description\":\"Stuck aus Meisterhand\",\"potentialAction\":[{\"@type\":\"SearchAction\",\"target\":{\"@type\":\"EntryPoint\",\"urlTemplate\":\"https:\\\/\\\/www.stuck-mirschberger.de\\\/?s={search_term_string}\"},\"query-input\":{\"@type\":\"PropertyValueSpecification\",\"valueRequired\":true,\"valueName\":\"search_term_string\"}}],\"inLanguage\":\"de\"}]}<\/script>\n<!-- \/ Yoast SEO plugin. -->","yoast_head_json":{"title":"Trockenbau - Stuck Mirschberger","description":"Trockenbau ist nicht nur eine Wand- oder Deckenverkleidung, sondern beeinflusst zudem grundlegend die Akustik, den Schallschutz, den Brandschutz und die W\u00e4rmed\u00e4mmung. Zudem wird Trockenbau auch als gestalterisches Mittel zur Veredlung ihres Objektes eingesetzt.","robots":{"index":"index","follow":"follow","max-snippet":"max-snippet:-1","max-image-preview":"max-image-preview:large","max-video-preview":"max-video-preview:-1"},"canonical":"https:\/\/www.stuck-mirschberger.de\/?page_id=46","og_locale":"de_DE","og_type":"article","og_title":"Trockenbau - Stuck Mirschberger","og_description":"Trockenbau ist nicht nur eine Wand- oder Deckenverkleidung, sondern beeinflusst zudem grundlegend die Akustik, den Schallschutz, den Brandschutz und die W\u00e4rmed\u00e4mmung. Zudem wird Trockenbau auch als gestalterisches Mittel zur Veredlung ihres Objektes eingesetzt.","og_url":"https:\/\/www.stuck-mirschberger.de\/?page_id=46","og_site_name":"Stuck Mirschberger","article_modified_time":"2022-01-05T14:07:52+00:00","og_image":[{"url":"https:\/\/www.stuck-mirschberger.de\/wp-content\/uploads\/2021\/02\/drywall-plaster-lining-ceiling-building-interior-design-1608938-pxhere.com_-2-1024x683.jpg","type":"","width":"","height":""}],"twitter_card":"summary_large_image","twitter_misc":{"Gesch\u00e4tzte Lesezeit":"1\u00a0Minute"},"schema":{"@context":"https:\/\/schema.org","@graph":[{"@type":"WebPage","@id":"https:\/\/www.stuck-mirschberger.de\/?page_id=46","url":"https:\/\/www.stuck-mirschberger.de\/?page_id=46","name":"Trockenbau - Stuck Mirschberger","isPartOf":{"@id":"https:\/\/www.stuck-mirschberger.de\/#website"},"primaryImageOfPage":{"@id":"https:\/\/www.stuck-mirschberger.de\/?page_id=46#primaryimage"},"image":{"@id":"https:\/\/www.stuck-mirschberger.de\/?page_id=46#primaryimage"},"thumbnailUrl":"https:\/\/www.stuck-mirschberger.de\/wp-content\/uploads\/2021\/02\/drywall-plaster-lining-ceiling-building-interior-design-1608938-pxhere.com_-2-1024x683.jpg","datePublished":"2021-02-07T21:23:57+00:00","dateModified":"2022-01-05T14:07:52+00:00","description":"Trockenbau ist nicht nur eine Wand- oder Deckenverkleidung, sondern beeinflusst zudem grundlegend die Akustik, den Schallschutz, den Brandschutz und die W\u00e4rmed\u00e4mmung. Zudem wird Trockenbau auch als gestalterisches Mittel zur Veredlung ihres Objektes eingesetzt.","breadcrumb":{"@id":"https:\/\/www.stuck-mirschberger.de\/?page_id=46#breadcrumb"},"inLanguage":"de","potentialAction":[{"@type":"ReadAction","target":["https:\/\/www.stuck-mirschberger.de\/?page_id=46"]}]},{"@type":"ImageObject","inLanguage":"de","@id":"https:\/\/www.stuck-mirschberger.de\/?page_id=46#primaryimage","url":"https:\/\/www.stuck-mirschberger.de\/wp-content\/uploads\/2021\/02\/drywall-plaster-lining-ceiling-building-interior-design-1608938-pxhere.com_-2-1024x683.jpg","contentUrl":"https:\/\/www.stuck-mirschberger.de\/wp-content\/uploads\/2021\/02\/drywall-plaster-lining-ceiling-building-interior-design-1608938-pxhere.com_-2-1024x683.jpg"},{"@type":"BreadcrumbList","@id":"https:\/\/www.stuck-mirschberger.de\/?page_id=46#breadcrumb","itemListElement":[{"@type":"ListItem","position":1,"name":"Startseite","item":"https:\/\/www.stuck-mirschberger.de\/"},{"@type":"ListItem","position":2,"name":"Trockenbau"}]},{"@type":"WebSite","@id":"https:\/\/www.stuck-mirschberger.de\/#website","url":"https:\/\/www.stuck-mirschberger.de\/","name":"Stuck Mirschberger","description":"Stuck aus Meisterhand","potentialAction":[{"@type":"SearchAction","target":{"@type":"EntryPoint","urlTemplate":"https:\/\/www.stuck-mirschberger.de\/?s={search_term_string}"},"query-input":{"@type":"PropertyValueSpecification","valueRequired":true,"valueName":"search_term_string"}}],"inLanguage":"de"}]}},"_links":{"self":[{"href":"https:\/\/www.stuck-mirschberger.de\/index.php?rest_route=\/wp\/v2\/pages\/46","targetHints":{"allow":["GET"]}}],"collection":[{"href":"https:\/\/www.stuck-mirschberger.de\/index.php?rest_route=\/wp\/v2\/pages"}],"about":[{"href":"https:\/\/www.stuck-mirschberger.de\/index.php?rest_route=\/wp\/v2\/types\/page"}],"author":[{"embeddable":true,"href":"https:\/\/www.stuck-mirschberger.de\/index.php?rest_route=\/wp\/v2\/users\/1"}],"replies":[{"embeddable":true,"href":"https:\/\/www.stuck-mirschberger.de\/index.php?rest_route=%2Fwp%2Fv2%2Fcomments&post=46"}],"version-history":[{"count":8,"href":"https:\/\/www.stuck-mirschberger.de\/index.php?rest_route=\/wp\/v2\/pages\/46\/revisions"}],"predecessor-version":[{"id":426,"href":"https:\/\/www.stuck-mirschberger.de\/index.php?rest_route=\/wp\/v2\/pages\/46\/revisions\/426"}],"wp:attachment":[{"href":"https:\/\/www.stuck-mirschberger.de\/index.php?rest_route=%2Fwp%2Fv2%2Fmedia&parent=46"}],"curies":[{"name":"wp","href":"https:\/\/api.w.org\/{rel}","templated":true}]}}