{"id":47,"date":"2021-02-07T21:23:57","date_gmt":"2021-02-07T21:23:57","guid":{"rendered":"https:\/\/flowexperts.de\/?page_id=47"},"modified":"2022-01-05T14:20:16","modified_gmt":"2022-01-05T14:20:16","slug":"stuckarbeiten","status":"publish","type":"page","link":"https:\/\/www.stuck-mirschberger.de\/?page_id=47","title":{"rendered":"Stuckarbeiten"},"content":{"rendered":"<div id=\"pl-gb47-69e00703ce10e\"  class=\"panel-layout\" ><div id=\"pg-gb47-69e00703ce10e-0\"  class=\"panel-grid panel-no-style\" ><div id=\"pgc-gb47-69e00703ce10e-0-0\"  class=\"panel-grid-cell\" ><div id=\"panel-gb47-69e00703ce10e-0-0-0\" class=\"so-panel widget widget_text panel-first-child panel-last-child\" data-index=\"0\" >\t\t\t<div class=\"textwidget\"><p>&nbsp;<\/p>\n<p><strong>Stuck ist zeitlos , hat Geschichte und Zukunft. Sie erhalten handgemachte Einzelst\u00fccke von uns, um ihre eigenen Vorstellungen zu verwirklichen.<\/strong><\/p>\n<p><strong>Von Stuckdecken \u00fcber Beleuchtungen und S\u00e4ulen, selbst M\u00f6bel ist alles nach ihren W\u00fcnschen realisierbar. Stuck ist ein St\u00fcck Individualit\u00e4t und Lebensgef\u00fchl in unserer schnelllebigen Zeit\u00a0\u00a0\u00a0<\/strong><\/p>\n<p>&nbsp;<\/p>\n<p><strong>Wenn Sie fragen oder eine Beratung zum Thema Stuckarbeiten w\u00fcnschen z\u00f6gern Sie nicht, sondern schreiben Sie uns direkt \u00fcber unser Kontaktformular an. Ihr kompetentes Stuck Mirschberger Team ber\u00e4t Sie gerne.<\/strong><\/p>\n<p>&nbsp;<\/p>\n<p><strong>Bei uns erhalten Sie:<\/strong><\/p>\n<p><strong>\u201c Qualit\u00e4t aus Meisterhand\u201c<\/strong><\/p>\n<p>&nbsp;<\/p>\n<p>Link:\u00a0\u00a0<a href=\"https:\/\/www.stuck-mirschberger.de\/?page_id=20\">Kontaktformular<\/a><\/p>\n<\/div>\n\t\t<\/div><\/div><div id=\"pgc-gb47-69e00703ce10e-0-1\"  class=\"panel-grid-cell\" ><div id=\"panel-gb47-69e00703ce10e-0-1-0\" class=\"so-panel widget widget_media_image panel-first-child panel-last-child\" data-index=\"1\" ><img loading=\"lazy\" decoding=\"async\" width=\"720\" height=\"480\" src=\"https:\/\/www.stuck-mirschberger.de\/wp-content\/uploads\/2021\/04\/architecture-wood-mansion-house-floor-interior-1097889-pxhere.com_-1024x683.jpg\" class=\"image wp-image-376  attachment-large size-large\" alt=\"\" style=\"max-width: 100%; height: auto;\" srcset=\"https:\/\/www.stuck-mirschberger.de\/wp-content\/uploads\/2021\/04\/architecture-wood-mansion-house-floor-interior-1097889-pxhere.com_-1024x683.jpg 1024w, https:\/\/www.stuck-mirschberger.de\/wp-content\/uploads\/2021\/04\/architecture-wood-mansion-house-floor-interior-1097889-pxhere.com_-300x200.jpg 300w, https:\/\/www.stuck-mirschberger.de\/wp-content\/uploads\/2021\/04\/architecture-wood-mansion-house-floor-interior-1097889-pxhere.com_-768x512.jpg 768w, https:\/\/www.stuck-mirschberger.de\/wp-content\/uploads\/2021\/04\/architecture-wood-mansion-house-floor-interior-1097889-pxhere.com_-1536x1024.jpg 1536w, https:\/\/www.stuck-mirschberger.de\/wp-content\/uploads\/2021\/04\/architecture-wood-mansion-house-floor-interior-1097889-pxhere.com_-272x182.jpg 272w, https:\/\/www.stuck-mirschberger.de\/wp-content\/uploads\/2021\/04\/architecture-wood-mansion-house-floor-interior-1097889-pxhere.com_.jpg 1620w\" sizes=\"auto, (max-width: 720px) 100vw, 720px\" \/><\/div><\/div><\/div><\/div>","protected":false},"excerpt":{"rendered":"<p>&nbsp; Stuck ist zeitlos , hat Geschichte und Zukunft. Sie erhalten handgemachte Einzelst\u00fccke von uns, um ihre eigenen Vorstellungen zu verwirklichen. Von Stuckdecken \u00fcber Beleuchtungen und S\u00e4ulen, selbst M\u00f6bel ist alles nach ihren W\u00fcnschen realisierbar. Stuck ist ein St\u00fcck Individualit\u00e4t und Lebensgef\u00fchl in unserer schnelllebigen Zeit\u00a0\u00a0\u00a0 &nbsp; Wenn Sie fragen oder eine Beratung zum Thema [&hellip;]<\/p>\n","protected":false},"author":1,"featured_media":0,"parent":0,"menu_order":0,"comment_status":"closed","ping_status":"closed","template":"","meta":{"_mi_skip_tracking":false,"footnotes":""},"class_list":["post-47","page","type-page","status-publish","hentry","post"],"yoast_head":"<!-- This site is optimized with the Yoast SEO plugin v27.4 - https:\/\/yoast.com\/product\/yoast-seo-wordpress\/ -->\n<title>Stuckarbeiten - Stuck Mirschberger<\/title>\n<meta name=\"description\" content=\"Wenn Sie fragen oder eine Beratung zum Thema Stuckarbeiten w\u00fcnschen z\u00f6gern Sie nicht, sondern schreiben Sie uns \u00fcber unser Kontaktformular an.\" \/>\n<meta name=\"robots\" content=\"index, follow, max-snippet:-1, max-image-preview:large, max-video-preview:-1\" \/>\n<link rel=\"canonical\" href=\"https:\/\/www.stuck-mirschberger.de\/?page_id=47\" \/>\n<meta property=\"og:locale\" content=\"de_DE\" \/>\n<meta property=\"og:type\" content=\"article\" \/>\n<meta property=\"og:title\" content=\"Stuckarbeiten - Stuck Mirschberger\" \/>\n<meta property=\"og:description\" content=\"Wenn Sie fragen oder eine Beratung zum Thema Stuckarbeiten w\u00fcnschen z\u00f6gern Sie nicht, sondern schreiben Sie uns \u00fcber unser Kontaktformular an.\" \/>\n<meta property=\"og:url\" content=\"https:\/\/www.stuck-mirschberger.de\/?page_id=47\" \/>\n<meta property=\"og:site_name\" content=\"Stuck Mirschberger\" \/>\n<meta property=\"article:modified_time\" content=\"2022-01-05T14:20:16+00:00\" \/>\n<meta property=\"og:image\" content=\"https:\/\/www.stuck-mirschberger.de\/wp-content\/uploads\/2021\/04\/architecture-wood-mansion-house-floor-interior-1097889-pxhere.com_-1024x683.jpg\" \/>\n<meta name=\"twitter:card\" content=\"summary_large_image\" \/>\n<meta name=\"twitter:label1\" content=\"Gesch\u00e4tzte Lesezeit\" \/>\n\t<meta name=\"twitter:data1\" content=\"1\u00a0Minute\" \/>\n<script type=\"application\/ld+json\" class=\"yoast-schema-graph\">{\"@context\":\"https:\\\/\\\/schema.org\",\"@graph\":[{\"@type\":\"WebPage\",\"@id\":\"https:\\\/\\\/www.stuck-mirschberger.de\\\/?page_id=47\",\"url\":\"https:\\\/\\\/www.stuck-mirschberger.de\\\/?page_id=47\",\"name\":\"Stuckarbeiten - Stuck Mirschberger\",\"isPartOf\":{\"@id\":\"https:\\\/\\\/www.stuck-mirschberger.de\\\/#website\"},\"primaryImageOfPage\":{\"@id\":\"https:\\\/\\\/www.stuck-mirschberger.de\\\/?page_id=47#primaryimage\"},\"image\":{\"@id\":\"https:\\\/\\\/www.stuck-mirschberger.de\\\/?page_id=47#primaryimage\"},\"thumbnailUrl\":\"https:\\\/\\\/www.stuck-mirschberger.de\\\/wp-content\\\/uploads\\\/2021\\\/04\\\/architecture-wood-mansion-house-floor-interior-1097889-pxhere.com_-1024x683.jpg\",\"datePublished\":\"2021-02-07T21:23:57+00:00\",\"dateModified\":\"2022-01-05T14:20:16+00:00\",\"description\":\"Wenn Sie fragen oder eine Beratung zum Thema Stuckarbeiten w\u00fcnschen z\u00f6gern Sie nicht, sondern schreiben Sie uns \u00fcber unser Kontaktformular an.\",\"breadcrumb\":{\"@id\":\"https:\\\/\\\/www.stuck-mirschberger.de\\\/?page_id=47#breadcrumb\"},\"inLanguage\":\"de\",\"potentialAction\":[{\"@type\":\"ReadAction\",\"target\":[\"https:\\\/\\\/www.stuck-mirschberger.de\\\/?page_id=47\"]}]},{\"@type\":\"ImageObject\",\"inLanguage\":\"de\",\"@id\":\"https:\\\/\\\/www.stuck-mirschberger.de\\\/?page_id=47#primaryimage\",\"url\":\"https:\\\/\\\/www.stuck-mirschberger.de\\\/wp-content\\\/uploads\\\/2021\\\/04\\\/architecture-wood-mansion-house-floor-interior-1097889-pxhere.com_.jpg\",\"contentUrl\":\"https:\\\/\\\/www.stuck-mirschberger.de\\\/wp-content\\\/uploads\\\/2021\\\/04\\\/architecture-wood-mansion-house-floor-interior-1097889-pxhere.com_.jpg\",\"width\":1620,\"height\":1080},{\"@type\":\"BreadcrumbList\",\"@id\":\"https:\\\/\\\/www.stuck-mirschberger.de\\\/?page_id=47#breadcrumb\",\"itemListElement\":[{\"@type\":\"ListItem\",\"position\":1,\"name\":\"Startseite\",\"item\":\"https:\\\/\\\/www.stuck-mirschberger.de\\\/\"},{\"@type\":\"ListItem\",\"position\":2,\"name\":\"Stuckarbeiten\"}]},{\"@type\":\"WebSite\",\"@id\":\"https:\\\/\\\/www.stuck-mirschberger.de\\\/#website\",\"url\":\"https:\\\/\\\/www.stuck-mirschberger.de\\\/\",\"name\":\"Stuck Mirschberger\",\"description\":\"Stuck aus Meisterhand\",\"potentialAction\":[{\"@type\":\"SearchAction\",\"target\":{\"@type\":\"EntryPoint\",\"urlTemplate\":\"https:\\\/\\\/www.stuck-mirschberger.de\\\/?s={search_term_string}\"},\"query-input\":{\"@type\":\"PropertyValueSpecification\",\"valueRequired\":true,\"valueName\":\"search_term_string\"}}],\"inLanguage\":\"de\"}]}<\/script>\n<!-- \/ Yoast SEO plugin. -->","yoast_head_json":{"title":"Stuckarbeiten - Stuck Mirschberger","description":"Wenn Sie fragen oder eine Beratung zum Thema Stuckarbeiten w\u00fcnschen z\u00f6gern Sie nicht, sondern schreiben Sie uns \u00fcber unser Kontaktformular an.","robots":{"index":"index","follow":"follow","max-snippet":"max-snippet:-1","max-image-preview":"max-image-preview:large","max-video-preview":"max-video-preview:-1"},"canonical":"https:\/\/www.stuck-mirschberger.de\/?page_id=47","og_locale":"de_DE","og_type":"article","og_title":"Stuckarbeiten - Stuck Mirschberger","og_description":"Wenn Sie fragen oder eine Beratung zum Thema Stuckarbeiten w\u00fcnschen z\u00f6gern Sie nicht, sondern schreiben Sie uns \u00fcber unser Kontaktformular an.","og_url":"https:\/\/www.stuck-mirschberger.de\/?page_id=47","og_site_name":"Stuck Mirschberger","article_modified_time":"2022-01-05T14:20:16+00:00","og_image":[{"url":"https:\/\/www.stuck-mirschberger.de\/wp-content\/uploads\/2021\/04\/architecture-wood-mansion-house-floor-interior-1097889-pxhere.com_-1024x683.jpg","type":"","width":"","height":""}],"twitter_card":"summary_large_image","twitter_misc":{"Gesch\u00e4tzte Lesezeit":"1\u00a0Minute"},"schema":{"@context":"https:\/\/schema.org","@graph":[{"@type":"WebPage","@id":"https:\/\/www.stuck-mirschberger.de\/?page_id=47","url":"https:\/\/www.stuck-mirschberger.de\/?page_id=47","name":"Stuckarbeiten - Stuck Mirschberger","isPartOf":{"@id":"https:\/\/www.stuck-mirschberger.de\/#website"},"primaryImageOfPage":{"@id":"https:\/\/www.stuck-mirschberger.de\/?page_id=47#primaryimage"},"image":{"@id":"https:\/\/www.stuck-mirschberger.de\/?page_id=47#primaryimage"},"thumbnailUrl":"https:\/\/www.stuck-mirschberger.de\/wp-content\/uploads\/2021\/04\/architecture-wood-mansion-house-floor-interior-1097889-pxhere.com_-1024x683.jpg","datePublished":"2021-02-07T21:23:57+00:00","dateModified":"2022-01-05T14:20:16+00:00","description":"Wenn Sie fragen oder eine Beratung zum Thema Stuckarbeiten w\u00fcnschen z\u00f6gern Sie nicht, sondern schreiben Sie uns \u00fcber unser Kontaktformular an.","breadcrumb":{"@id":"https:\/\/www.stuck-mirschberger.de\/?page_id=47#breadcrumb"},"inLanguage":"de","potentialAction":[{"@type":"ReadAction","target":["https:\/\/www.stuck-mirschberger.de\/?page_id=47"]}]},{"@type":"ImageObject","inLanguage":"de","@id":"https:\/\/www.stuck-mirschberger.de\/?page_id=47#primaryimage","url":"https:\/\/www.stuck-mirschberger.de\/wp-content\/uploads\/2021\/04\/architecture-wood-mansion-house-floor-interior-1097889-pxhere.com_.jpg","contentUrl":"https:\/\/www.stuck-mirschberger.de\/wp-content\/uploads\/2021\/04\/architecture-wood-mansion-house-floor-interior-1097889-pxhere.com_.jpg","width":1620,"height":1080},{"@type":"BreadcrumbList","@id":"https:\/\/www.stuck-mirschberger.de\/?page_id=47#breadcrumb","itemListElement":[{"@type":"ListItem","position":1,"name":"Startseite","item":"https:\/\/www.stuck-mirschberger.de\/"},{"@type":"ListItem","position":2,"name":"Stuckarbeiten"}]},{"@type":"WebSite","@id":"https:\/\/www.stuck-mirschberger.de\/#website","url":"https:\/\/www.stuck-mirschberger.de\/","name":"Stuck Mirschberger","description":"Stuck aus Meisterhand","potentialAction":[{"@type":"SearchAction","target":{"@type":"EntryPoint","urlTemplate":"https:\/\/www.stuck-mirschberger.de\/?s={search_term_string}"},"query-input":{"@type":"PropertyValueSpecification","valueRequired":true,"valueName":"search_term_string"}}],"inLanguage":"de"}]}},"_links":{"self":[{"href":"https:\/\/www.stuck-mirschberger.de\/index.php?rest_route=\/wp\/v2\/pages\/47","targetHints":{"allow":["GET"]}}],"collection":[{"href":"https:\/\/www.stuck-mirschberger.de\/index.php?rest_route=\/wp\/v2\/pages"}],"about":[{"href":"https:\/\/www.stuck-mirschberger.de\/index.php?rest_route=\/wp\/v2\/types\/page"}],"author":[{"embeddable":true,"href":"https:\/\/www.stuck-mirschberger.de\/index.php?rest_route=\/wp\/v2\/users\/1"}],"replies":[{"embeddable":true,"href":"https:\/\/www.stuck-mirschberger.de\/index.php?rest_route=%2Fwp%2Fv2%2Fcomments&post=47"}],"version-history":[{"count":3,"href":"https:\/\/www.stuck-mirschberger.de\/index.php?rest_route=\/wp\/v2\/pages\/47\/revisions"}],"predecessor-version":[{"id":434,"href":"https:\/\/www.stuck-mirschberger.de\/index.php?rest_route=\/wp\/v2\/pages\/47\/revisions\/434"}],"wp:attachment":[{"href":"https:\/\/www.stuck-mirschberger.de\/index.php?rest_route=%2Fwp%2Fv2%2Fmedia&parent=47"}],"curies":[{"name":"wp","href":"https:\/\/api.w.org\/{rel}","templated":true}]}}