{"id":474,"date":"2022-04-11T13:45:24","date_gmt":"2022-04-11T13:45:24","guid":{"rendered":"https:\/\/www.stuck-mirschberger.de\/?page_id=474"},"modified":"2022-04-12T06:53:50","modified_gmt":"2022-04-12T06:53:50","slug":"ausbildung","status":"publish","type":"page","link":"https:\/\/www.stuck-mirschberger.de\/?page_id=474","title":{"rendered":"Ausbildung zum Stuckateur (m\/w\/d)"},"content":{"rendered":"<div id=\"pl-474\"  class=\"panel-layout\" ><div id=\"pg-474-0\"  class=\"panel-grid panel-no-style\" ><div id=\"pgc-474-0-0\"  class=\"panel-grid-cell\" ><div id=\"panel-474-0-0-0\" class=\"so-panel widget widget_text panel-first-child panel-last-child\" data-index=\"0\" >\t\t\t<div class=\"textwidget\"><p><strong>Um unser Team zu vervollst\u00e4ndigen suchen wir Auszubildende zum Stuckateur (m\/w\/d)<\/strong><\/p>\n<p>Mach Vielseitigkeit zu deinem Beruf: Im Stuckateurhandwerk gibt es kaum ein Bauteil, an dem du nicht t\u00e4tig wirst. Innenw\u00e4nde, Fu\u00dfb\u00f6den und Fassaden: Mit Hilfe moderner und traditioneller Techniken verleihst du R\u00e4umen und Bauten neuen Glanz. Als Stuckateur\/-in beherrschst du neben nahezu allen T\u00e4tigkeiten des Innenausbaus auch das gesamte Leistungsspektrum zur Herstellung und Sanierung von Innen- und Au\u00dfenputzen.<\/p>\n<p><strong>Deine Zukunft im Stuckateurhandwerk<\/strong><\/p>\n<p>Die Zukunftsaussichten f\u00fcr Stuckateure sind bestens, schlie\u00dflich gibt es kaum ein Bauteil, an das der Stuckateur nicht Hand anlegt. Und gebaut und renoviert wird immer.<\/p>\n<p>Im Stuckateurhandwerk hast du vielf\u00e4ltige Aufstiegs- und Karrierechancen. Direkt im Anschluss an die Ausbildung kannst du dich auf der Meisterschule weiterqualifizieren. Aber das ist l\u00e4ngst noch nicht alles.<\/p>\n<p>Vom Kundengespr\u00e4ch bis zum fertigen Ergebnis \u2013 durch die abwechslungsreichen Aufgaben im Stuckateurhandwerk wird dir garantiert nicht langweilig. Als Stuckateur\/-in \u00fcbst du einen der kreativsten und vielf\u00e4ltigsten Berufe des Handwerks aus. Lass dich vom Berufsbild \u00fcberraschen \u2013 und \u00fcberzeugen!<\/p>\n<p><strong>Handwerk mit Fingerspitzengef\u00fchl<\/strong><\/p>\n<p>Das Spektrum der T\u00e4tigkeiten reicht von der Restaurierung historischer Decken \u00fcber Verputzarbeiten, Trockenbau, Stuckfassaden bis hin zur Ausf\u00fchrung von Stuckmarmor. Und wer wei\u00df, vielleicht lautet deine Aufgabe auch eines Tages, einen Feuerdrachen mit Modellierputz zu modellieren.<\/p>\n<p><strong>Die T\u00e4tigkeitsgebiete im\u00a0Stuckateurhandwerk\u00a0auf einen Blick:<\/strong><\/p>\n<p><strong>\u2022\u00a0<\/strong>Innen-\/Au\u00dfenputze<\/p>\n<p><strong>\u2022\u00a0<\/strong>Stuck<\/p>\n<p><strong>\u2022\u00a0<\/strong>Trockenbau<\/p>\n<p><strong>\u2022\u00a0<\/strong>Oberfl\u00e4chentechniken<\/p>\n<p><strong>\u2022\u00a0<\/strong>W\u00e4rmed\u00e4mmung<\/p>\n<p><strong>\u2022\u00a0<\/strong>Schallschutz<\/p>\n<p><strong>\u2022\u00a0<\/strong>Brandschutz<\/p>\n<p><strong>\u2022\u00a0<\/strong>Trocken-\/Nass-Estriche<\/p>\n<p><strong>\u2022\u00a0<\/strong>Restaurierungen und Denkmalpflege<\/p>\n<p><strong>\u2022\u00a0<\/strong>Formenbau<\/p>\n<p>&nbsp;<\/p>\n<p>&nbsp;<\/p>\n<p><strong>Wir haben dein Interesse geweckt, dann melde dich einfach ganz unkompliziert per\u00a0<a href=\"https:\/\/www.stuck-mirschberger.de\/?page_id=17\">Telefon<\/a>\u00a0oder\u00a0<a href=\"mailto:info@stuck-mirschberger.de\">Mail<\/a>\u00a0!\u00a0<\/strong><\/p>\n<p>Hier findest du unsere\u00a0<strong><a href=\"https:\/\/www.stuck-mirschberger.de\/?page_id=17\">Kontaktdaten<\/a><\/strong><\/p>\n<p><b>Euer Stuck Mirschberger Team<\/b><\/p>\n<\/div>\n\t\t<\/div><\/div><\/div><\/div>","protected":false},"excerpt":{"rendered":"<p>Um unser Team zu vervollst\u00e4ndigen suchen wir Auszubildende zum Stuckateur (m\/w\/d) Mach Vielseitigkeit zu deinem Beruf: Im Stuckateurhandwerk gibt es kaum ein Bauteil, an dem du nicht t\u00e4tig wirst. Innenw\u00e4nde, Fu\u00dfb\u00f6den und Fassaden: Mit Hilfe moderner und traditioneller Techniken verleihst du R\u00e4umen und Bauten neuen Glanz. Als Stuckateur\/-in beherrschst du neben nahezu allen T\u00e4tigkeiten des [&hellip;]<\/p>\n","protected":false},"author":1,"featured_media":0,"parent":0,"menu_order":0,"comment_status":"closed","ping_status":"closed","template":"","meta":{"_monsterinsights_skip_tracking":false,"_monsterinsights_sitenote_active":false,"_monsterinsights_sitenote_note":"","_monsterinsights_sitenote_category":0,"footnotes":""},"class_list":["post-474","page","type-page","status-publish","hentry","post"],"yoast_head":"<!-- This site is optimized with the Yoast SEO plugin v27.5 - https:\/\/yoast.com\/product\/yoast-seo-wordpress\/ -->\n<title>Ausbildung zum Stuckateur (m\/w\/d) - Stuck Mirschberger<\/title>\n<meta name=\"robots\" content=\"index, follow, max-snippet:-1, max-image-preview:large, max-video-preview:-1\" \/>\n<link rel=\"canonical\" href=\"https:\/\/www.stuck-mirschberger.de\/?page_id=474\" \/>\n<meta property=\"og:locale\" content=\"de_DE\" \/>\n<meta property=\"og:type\" content=\"article\" \/>\n<meta property=\"og:title\" content=\"Ausbildung zum Stuckateur (m\/w\/d) - Stuck Mirschberger\" \/>\n<meta property=\"og:description\" content=\"Um unser Team zu vervollst\u00e4ndigen suchen wir Auszubildende zum Stuckateur (m\/w\/d) Mach Vielseitigkeit zu deinem Beruf: Im Stuckateurhandwerk gibt es kaum ein Bauteil, an dem du nicht t\u00e4tig wirst. Innenw\u00e4nde, Fu\u00dfb\u00f6den und Fassaden: Mit Hilfe moderner und traditioneller Techniken verleihst du R\u00e4umen und Bauten neuen Glanz. Als Stuckateur\/-in beherrschst du neben nahezu allen T\u00e4tigkeiten des [&hellip;]\" \/>\n<meta property=\"og:url\" content=\"https:\/\/www.stuck-mirschberger.de\/?page_id=474\" \/>\n<meta property=\"og:site_name\" content=\"Stuck Mirschberger\" \/>\n<meta property=\"article:modified_time\" content=\"2022-04-12T06:53:50+00:00\" \/>\n<meta name=\"twitter:card\" content=\"summary_large_image\" \/>\n<meta name=\"twitter:label1\" content=\"Gesch\u00e4tzte Lesezeit\" \/>\n\t<meta name=\"twitter:data1\" content=\"1\u00a0Minute\" \/>\n<script type=\"application\/ld+json\" class=\"yoast-schema-graph\">{\"@context\":\"https:\\\/\\\/schema.org\",\"@graph\":[{\"@type\":\"WebPage\",\"@id\":\"https:\\\/\\\/www.stuck-mirschberger.de\\\/?page_id=474\",\"url\":\"https:\\\/\\\/www.stuck-mirschberger.de\\\/?page_id=474\",\"name\":\"Ausbildung zum Stuckateur (m\\\/w\\\/d) - Stuck Mirschberger\",\"isPartOf\":{\"@id\":\"https:\\\/\\\/www.stuck-mirschberger.de\\\/#website\"},\"datePublished\":\"2022-04-11T13:45:24+00:00\",\"dateModified\":\"2022-04-12T06:53:50+00:00\",\"breadcrumb\":{\"@id\":\"https:\\\/\\\/www.stuck-mirschberger.de\\\/?page_id=474#breadcrumb\"},\"inLanguage\":\"de\",\"potentialAction\":[{\"@type\":\"ReadAction\",\"target\":[\"https:\\\/\\\/www.stuck-mirschberger.de\\\/?page_id=474\"]}]},{\"@type\":\"BreadcrumbList\",\"@id\":\"https:\\\/\\\/www.stuck-mirschberger.de\\\/?page_id=474#breadcrumb\",\"itemListElement\":[{\"@type\":\"ListItem\",\"position\":1,\"name\":\"Startseite\",\"item\":\"https:\\\/\\\/www.stuck-mirschberger.de\\\/\"},{\"@type\":\"ListItem\",\"position\":2,\"name\":\"Ausbildung zum Stuckateur (m\\\/w\\\/d)\"}]},{\"@type\":\"WebSite\",\"@id\":\"https:\\\/\\\/www.stuck-mirschberger.de\\\/#website\",\"url\":\"https:\\\/\\\/www.stuck-mirschberger.de\\\/\",\"name\":\"Stuck Mirschberger\",\"description\":\"Stuck aus Meisterhand\",\"potentialAction\":[{\"@type\":\"SearchAction\",\"target\":{\"@type\":\"EntryPoint\",\"urlTemplate\":\"https:\\\/\\\/www.stuck-mirschberger.de\\\/?s={search_term_string}\"},\"query-input\":{\"@type\":\"PropertyValueSpecification\",\"valueRequired\":true,\"valueName\":\"search_term_string\"}}],\"inLanguage\":\"de\"}]}<\/script>\n<!-- \/ Yoast SEO plugin. -->","yoast_head_json":{"title":"Ausbildung zum Stuckateur (m\/w\/d) - Stuck Mirschberger","robots":{"index":"index","follow":"follow","max-snippet":"max-snippet:-1","max-image-preview":"max-image-preview:large","max-video-preview":"max-video-preview:-1"},"canonical":"https:\/\/www.stuck-mirschberger.de\/?page_id=474","og_locale":"de_DE","og_type":"article","og_title":"Ausbildung zum Stuckateur (m\/w\/d) - Stuck Mirschberger","og_description":"Um unser Team zu vervollst\u00e4ndigen suchen wir Auszubildende zum Stuckateur (m\/w\/d) Mach Vielseitigkeit zu deinem Beruf: Im Stuckateurhandwerk gibt es kaum ein Bauteil, an dem du nicht t\u00e4tig wirst. Innenw\u00e4nde, Fu\u00dfb\u00f6den und Fassaden: Mit Hilfe moderner und traditioneller Techniken verleihst du R\u00e4umen und Bauten neuen Glanz. Als Stuckateur\/-in beherrschst du neben nahezu allen T\u00e4tigkeiten des [&hellip;]","og_url":"https:\/\/www.stuck-mirschberger.de\/?page_id=474","og_site_name":"Stuck Mirschberger","article_modified_time":"2022-04-12T06:53:50+00:00","twitter_card":"summary_large_image","twitter_misc":{"Gesch\u00e4tzte Lesezeit":"1\u00a0Minute"},"schema":{"@context":"https:\/\/schema.org","@graph":[{"@type":"WebPage","@id":"https:\/\/www.stuck-mirschberger.de\/?page_id=474","url":"https:\/\/www.stuck-mirschberger.de\/?page_id=474","name":"Ausbildung zum Stuckateur (m\/w\/d) - Stuck Mirschberger","isPartOf":{"@id":"https:\/\/www.stuck-mirschberger.de\/#website"},"datePublished":"2022-04-11T13:45:24+00:00","dateModified":"2022-04-12T06:53:50+00:00","breadcrumb":{"@id":"https:\/\/www.stuck-mirschberger.de\/?page_id=474#breadcrumb"},"inLanguage":"de","potentialAction":[{"@type":"ReadAction","target":["https:\/\/www.stuck-mirschberger.de\/?page_id=474"]}]},{"@type":"BreadcrumbList","@id":"https:\/\/www.stuck-mirschberger.de\/?page_id=474#breadcrumb","itemListElement":[{"@type":"ListItem","position":1,"name":"Startseite","item":"https:\/\/www.stuck-mirschberger.de\/"},{"@type":"ListItem","position":2,"name":"Ausbildung zum Stuckateur (m\/w\/d)"}]},{"@type":"WebSite","@id":"https:\/\/www.stuck-mirschberger.de\/#website","url":"https:\/\/www.stuck-mirschberger.de\/","name":"Stuck Mirschberger","description":"Stuck aus Meisterhand","potentialAction":[{"@type":"SearchAction","target":{"@type":"EntryPoint","urlTemplate":"https:\/\/www.stuck-mirschberger.de\/?s={search_term_string}"},"query-input":{"@type":"PropertyValueSpecification","valueRequired":true,"valueName":"search_term_string"}}],"inLanguage":"de"}]}},"_links":{"self":[{"href":"https:\/\/www.stuck-mirschberger.de\/index.php?rest_route=\/wp\/v2\/pages\/474","targetHints":{"allow":["GET"]}}],"collection":[{"href":"https:\/\/www.stuck-mirschberger.de\/index.php?rest_route=\/wp\/v2\/pages"}],"about":[{"href":"https:\/\/www.stuck-mirschberger.de\/index.php?rest_route=\/wp\/v2\/types\/page"}],"author":[{"embeddable":true,"href":"https:\/\/www.stuck-mirschberger.de\/index.php?rest_route=\/wp\/v2\/users\/1"}],"replies":[{"embeddable":true,"href":"https:\/\/www.stuck-mirschberger.de\/index.php?rest_route=%2Fwp%2Fv2%2Fcomments&post=474"}],"version-history":[{"count":6,"href":"https:\/\/www.stuck-mirschberger.de\/index.php?rest_route=\/wp\/v2\/pages\/474\/revisions"}],"predecessor-version":[{"id":488,"href":"https:\/\/www.stuck-mirschberger.de\/index.php?rest_route=\/wp\/v2\/pages\/474\/revisions\/488"}],"wp:attachment":[{"href":"https:\/\/www.stuck-mirschberger.de\/index.php?rest_route=%2Fwp%2Fv2%2Fmedia&parent=474"}],"curies":[{"name":"wp","href":"https:\/\/api.w.org\/{rel}","templated":true}]}}