{"id":79,"date":"2021-02-07T21:58:43","date_gmt":"2021-02-07T21:58:43","guid":{"rendered":"https:\/\/flowexperts.de\/?page_id=79"},"modified":"2022-01-05T14:15:13","modified_gmt":"2022-01-05T14:15:13","slug":"geruestbau","status":"publish","type":"page","link":"https:\/\/www.stuck-mirschberger.de\/?page_id=79","title":{"rendered":"Ger\u00fcstbau"},"content":{"rendered":"<div id=\"pl-gb79-69ff277252621\"  class=\"panel-layout\" ><div id=\"pg-gb79-69ff277252621-0\"  class=\"panel-grid panel-no-style\" ><div id=\"pgc-gb79-69ff277252621-0-0\"  class=\"panel-grid-cell\" ><div id=\"panel-gb79-69ff277252621-0-0-0\" class=\"so-panel widget widget_text panel-first-child panel-last-child\" data-index=\"0\" >\t\t\t<div class=\"textwidget\"><p>&nbsp;<\/p>\n<p><strong>F\u00fcr jegliche Arbeiten an der Au\u00dfenfassade nutzen wir unsere firmeneigenen Ger\u00fcste. Hierbei steht vor allem die Sicherheit der Mitarbeiter bei den Arbeiten in gro\u00dfer H\u00f6he im Vordergrund. In unserem Betrieb stehen rund zweieinhalbtausend Quadratmeter Ger\u00fcst bereit, um f\u00fcr jedes ihrer Objekte das passende Ger\u00fcst stellen zu k\u00f6nnen. <\/strong><\/p>\n<p>&nbsp;<\/p>\n<p><strong>Wenn Sie fragen oder eine Beratung zum Thema Ger\u00fcstbau w\u00fcnschen z\u00f6gern Sie nicht, sondern schreiben Sie uns direkt \u00fcber unser Kontaktformular an. Ihr kompetentes Stuck Mirschberger Team ber\u00e4t Sie gerne.<\/strong><\/p>\n<p>&nbsp;<\/p>\n<p><strong>Bei uns erhalten Sie:<\/strong><\/p>\n<p><strong>\u201c Qualit\u00e4t aus Meisterhand\u201c<\/strong><\/p>\n<p>&nbsp;<\/p>\n<p>Link:\u00a0\u00a0<a href=\"https:\/\/www.stuck-mirschberger.de\/?page_id=20\">Kontaktformular<\/a><\/p>\n<\/div>\n\t\t<\/div><\/div><div id=\"pgc-gb79-69ff277252621-0-1\"  class=\"panel-grid-cell\" ><div id=\"panel-gb79-69ff277252621-0-1-0\" class=\"so-panel widget widget_metaslider_widget panel-first-child panel-last-child\" data-index=\"1\" ><div id=\"metaslider-id-402\" style=\"width: 100%;\" class=\"ml-slider-3-109-0 metaslider metaslider-nivo metaslider-402 ml-slider has-dots-nav ms-theme-default\" role=\"region\" aria-label=\"Ger\u00fcstbau\" data-height=\"400\" data-width=\"700\">\n    <div id=\"metaslider_container_402\">\n        <div class='slider-wrapper theme-default'><div class='ribbon'><\/div><div id='metaslider_402' class='nivoSlider'><img loading=\"lazy\" decoding=\"async\" src=\"https:\/\/www.stuck-mirschberger.de\/wp-content\/uploads\/2021\/04\/DSC03368-scaled.jpg\" height=\"400\" width=\"700\" title=\"DSC03368\" alt=\"\" class=\"slider-402 slide-405 msDefaultImage\" \/><img loading=\"lazy\" decoding=\"async\" src=\"https:\/\/www.stuck-mirschberger.de\/wp-content\/uploads\/2021\/04\/DSC03373-scaled.jpg\" height=\"400\" width=\"700\" title=\"DSC03373\" alt=\"\" class=\"slider-402 slide-406 msDefaultImage\" \/><img loading=\"lazy\" decoding=\"async\" src=\"https:\/\/www.stuck-mirschberger.de\/wp-content\/uploads\/2021\/02\/architecture-house-window-roof-home-wall-1133338-pxhere.com_-1-scaled.jpg\" height=\"400\" width=\"700\" data-caption=\"Ger&uuml;stbau\" title=\"architecture-house-window-roof-home-wall-1133338-pxhere.com_-1\" alt=\"\" class=\"slider-402 slide-407 msDefaultImage\" \/><\/div><\/div>\n        \n    <\/div>\n<\/div><\/div><\/div><\/div><\/div>\n\n\n<p><\/p>\n","protected":false},"excerpt":{"rendered":"<p>&nbsp; F\u00fcr jegliche Arbeiten an der Au\u00dfenfassade nutzen wir unsere firmeneigenen Ger\u00fcste. Hierbei steht vor allem die Sicherheit der Mitarbeiter bei den Arbeiten in gro\u00dfer H\u00f6he im Vordergrund. In unserem Betrieb stehen rund zweieinhalbtausend Quadratmeter Ger\u00fcst bereit, um f\u00fcr jedes ihrer Objekte das passende Ger\u00fcst stellen zu k\u00f6nnen. &nbsp; Wenn Sie fragen oder eine Beratung [&hellip;]<\/p>\n","protected":false},"author":1,"featured_media":0,"parent":0,"menu_order":0,"comment_status":"closed","ping_status":"closed","template":"","meta":{"_monsterinsights_skip_tracking":false,"_monsterinsights_sitenote_active":false,"_monsterinsights_sitenote_note":"","_monsterinsights_sitenote_category":0,"footnotes":""},"class_list":["post-79","page","type-page","status-publish","hentry","post"],"yoast_head":"<!-- This site is optimized with the Yoast SEO plugin v27.5 - https:\/\/yoast.com\/product\/yoast-seo-wordpress\/ -->\n<title>Ger\u00fcstbau - Stuck Mirschberger<\/title>\n<meta name=\"description\" content=\"Wenn Sie fragen oder eine Beratung zum Thema Ger\u00fcstbau w\u00fcnschen z\u00f6gern Sie nicht, sondern schreiben Sie uns \u00fcber unser Kontaktformular an.\" \/>\n<meta name=\"robots\" content=\"index, follow, max-snippet:-1, max-image-preview:large, max-video-preview:-1\" \/>\n<link rel=\"canonical\" href=\"https:\/\/www.stuck-mirschberger.de\/?page_id=79\" \/>\n<meta property=\"og:locale\" content=\"de_DE\" \/>\n<meta property=\"og:type\" content=\"article\" \/>\n<meta property=\"og:title\" content=\"Ger\u00fcstbau - Stuck Mirschberger\" \/>\n<meta property=\"og:description\" content=\"Wenn Sie fragen oder eine Beratung zum Thema Ger\u00fcstbau w\u00fcnschen z\u00f6gern Sie nicht, sondern schreiben Sie uns \u00fcber unser Kontaktformular an.\" \/>\n<meta property=\"og:url\" content=\"https:\/\/www.stuck-mirschberger.de\/?page_id=79\" \/>\n<meta property=\"og:site_name\" content=\"Stuck Mirschberger\" \/>\n<meta property=\"article:modified_time\" content=\"2022-01-05T14:15:13+00:00\" \/>\n<meta property=\"og:image\" content=\"https:\/\/www.stuck-mirschberger.de\/wp-content\/uploads\/2021\/04\/DSC03368-scaled.jpg\" \/>\n<meta name=\"twitter:card\" content=\"summary_large_image\" \/>\n<meta name=\"twitter:label1\" content=\"Gesch\u00e4tzte Lesezeit\" \/>\n\t<meta name=\"twitter:data1\" content=\"1\u00a0Minute\" \/>\n<script type=\"application\/ld+json\" class=\"yoast-schema-graph\">{\"@context\":\"https:\\\/\\\/schema.org\",\"@graph\":[{\"@type\":\"WebPage\",\"@id\":\"https:\\\/\\\/www.stuck-mirschberger.de\\\/?page_id=79\",\"url\":\"https:\\\/\\\/www.stuck-mirschberger.de\\\/?page_id=79\",\"name\":\"Ger\u00fcstbau - Stuck Mirschberger\",\"isPartOf\":{\"@id\":\"https:\\\/\\\/www.stuck-mirschberger.de\\\/#website\"},\"primaryImageOfPage\":{\"@id\":\"https:\\\/\\\/www.stuck-mirschberger.de\\\/?page_id=79#primaryimage\"},\"image\":{\"@id\":\"https:\\\/\\\/www.stuck-mirschberger.de\\\/?page_id=79#primaryimage\"},\"thumbnailUrl\":\"https:\\\/\\\/www.stuck-mirschberger.de\\\/wp-content\\\/uploads\\\/2021\\\/04\\\/DSC03368-scaled.jpg\",\"datePublished\":\"2021-02-07T21:58:43+00:00\",\"dateModified\":\"2022-01-05T14:15:13+00:00\",\"description\":\"Wenn Sie fragen oder eine Beratung zum Thema Ger\u00fcstbau w\u00fcnschen z\u00f6gern Sie nicht, sondern schreiben Sie uns \u00fcber unser Kontaktformular an.\",\"breadcrumb\":{\"@id\":\"https:\\\/\\\/www.stuck-mirschberger.de\\\/?page_id=79#breadcrumb\"},\"inLanguage\":\"de\",\"potentialAction\":[{\"@type\":\"ReadAction\",\"target\":[\"https:\\\/\\\/www.stuck-mirschberger.de\\\/?page_id=79\"]}]},{\"@type\":\"ImageObject\",\"inLanguage\":\"de\",\"@id\":\"https:\\\/\\\/www.stuck-mirschberger.de\\\/?page_id=79#primaryimage\",\"url\":\"https:\\\/\\\/www.stuck-mirschberger.de\\\/wp-content\\\/uploads\\\/2021\\\/04\\\/DSC03368-scaled.jpg\",\"contentUrl\":\"https:\\\/\\\/www.stuck-mirschberger.de\\\/wp-content\\\/uploads\\\/2021\\\/04\\\/DSC03368-scaled.jpg\",\"width\":1707,\"height\":2560},{\"@type\":\"BreadcrumbList\",\"@id\":\"https:\\\/\\\/www.stuck-mirschberger.de\\\/?page_id=79#breadcrumb\",\"itemListElement\":[{\"@type\":\"ListItem\",\"position\":1,\"name\":\"Startseite\",\"item\":\"https:\\\/\\\/www.stuck-mirschberger.de\\\/\"},{\"@type\":\"ListItem\",\"position\":2,\"name\":\"Ger\u00fcstbau\"}]},{\"@type\":\"WebSite\",\"@id\":\"https:\\\/\\\/www.stuck-mirschberger.de\\\/#website\",\"url\":\"https:\\\/\\\/www.stuck-mirschberger.de\\\/\",\"name\":\"Stuck Mirschberger\",\"description\":\"Stuck aus Meisterhand\",\"potentialAction\":[{\"@type\":\"SearchAction\",\"target\":{\"@type\":\"EntryPoint\",\"urlTemplate\":\"https:\\\/\\\/www.stuck-mirschberger.de\\\/?s={search_term_string}\"},\"query-input\":{\"@type\":\"PropertyValueSpecification\",\"valueRequired\":true,\"valueName\":\"search_term_string\"}}],\"inLanguage\":\"de\"}]}<\/script>\n<!-- \/ Yoast SEO plugin. -->","yoast_head_json":{"title":"Ger\u00fcstbau - Stuck Mirschberger","description":"Wenn Sie fragen oder eine Beratung zum Thema Ger\u00fcstbau w\u00fcnschen z\u00f6gern Sie nicht, sondern schreiben Sie uns \u00fcber unser Kontaktformular an.","robots":{"index":"index","follow":"follow","max-snippet":"max-snippet:-1","max-image-preview":"max-image-preview:large","max-video-preview":"max-video-preview:-1"},"canonical":"https:\/\/www.stuck-mirschberger.de\/?page_id=79","og_locale":"de_DE","og_type":"article","og_title":"Ger\u00fcstbau - Stuck Mirschberger","og_description":"Wenn Sie fragen oder eine Beratung zum Thema Ger\u00fcstbau w\u00fcnschen z\u00f6gern Sie nicht, sondern schreiben Sie uns \u00fcber unser Kontaktformular an.","og_url":"https:\/\/www.stuck-mirschberger.de\/?page_id=79","og_site_name":"Stuck Mirschberger","article_modified_time":"2022-01-05T14:15:13+00:00","og_image":[{"url":"https:\/\/www.stuck-mirschberger.de\/wp-content\/uploads\/2021\/04\/DSC03368-scaled.jpg","type":"","width":"","height":""}],"twitter_card":"summary_large_image","twitter_misc":{"Gesch\u00e4tzte Lesezeit":"1\u00a0Minute"},"schema":{"@context":"https:\/\/schema.org","@graph":[{"@type":"WebPage","@id":"https:\/\/www.stuck-mirschberger.de\/?page_id=79","url":"https:\/\/www.stuck-mirschberger.de\/?page_id=79","name":"Ger\u00fcstbau - Stuck Mirschberger","isPartOf":{"@id":"https:\/\/www.stuck-mirschberger.de\/#website"},"primaryImageOfPage":{"@id":"https:\/\/www.stuck-mirschberger.de\/?page_id=79#primaryimage"},"image":{"@id":"https:\/\/www.stuck-mirschberger.de\/?page_id=79#primaryimage"},"thumbnailUrl":"https:\/\/www.stuck-mirschberger.de\/wp-content\/uploads\/2021\/04\/DSC03368-scaled.jpg","datePublished":"2021-02-07T21:58:43+00:00","dateModified":"2022-01-05T14:15:13+00:00","description":"Wenn Sie fragen oder eine Beratung zum Thema Ger\u00fcstbau w\u00fcnschen z\u00f6gern Sie nicht, sondern schreiben Sie uns \u00fcber unser Kontaktformular an.","breadcrumb":{"@id":"https:\/\/www.stuck-mirschberger.de\/?page_id=79#breadcrumb"},"inLanguage":"de","potentialAction":[{"@type":"ReadAction","target":["https:\/\/www.stuck-mirschberger.de\/?page_id=79"]}]},{"@type":"ImageObject","inLanguage":"de","@id":"https:\/\/www.stuck-mirschberger.de\/?page_id=79#primaryimage","url":"https:\/\/www.stuck-mirschberger.de\/wp-content\/uploads\/2021\/04\/DSC03368-scaled.jpg","contentUrl":"https:\/\/www.stuck-mirschberger.de\/wp-content\/uploads\/2021\/04\/DSC03368-scaled.jpg","width":1707,"height":2560},{"@type":"BreadcrumbList","@id":"https:\/\/www.stuck-mirschberger.de\/?page_id=79#breadcrumb","itemListElement":[{"@type":"ListItem","position":1,"name":"Startseite","item":"https:\/\/www.stuck-mirschberger.de\/"},{"@type":"ListItem","position":2,"name":"Ger\u00fcstbau"}]},{"@type":"WebSite","@id":"https:\/\/www.stuck-mirschberger.de\/#website","url":"https:\/\/www.stuck-mirschberger.de\/","name":"Stuck Mirschberger","description":"Stuck aus Meisterhand","potentialAction":[{"@type":"SearchAction","target":{"@type":"EntryPoint","urlTemplate":"https:\/\/www.stuck-mirschberger.de\/?s={search_term_string}"},"query-input":{"@type":"PropertyValueSpecification","valueRequired":true,"valueName":"search_term_string"}}],"inLanguage":"de"}]}},"_links":{"self":[{"href":"https:\/\/www.stuck-mirschberger.de\/index.php?rest_route=\/wp\/v2\/pages\/79","targetHints":{"allow":["GET"]}}],"collection":[{"href":"https:\/\/www.stuck-mirschberger.de\/index.php?rest_route=\/wp\/v2\/pages"}],"about":[{"href":"https:\/\/www.stuck-mirschberger.de\/index.php?rest_route=\/wp\/v2\/types\/page"}],"author":[{"embeddable":true,"href":"https:\/\/www.stuck-mirschberger.de\/index.php?rest_route=\/wp\/v2\/users\/1"}],"replies":[{"embeddable":true,"href":"https:\/\/www.stuck-mirschberger.de\/index.php?rest_route=%2Fwp%2Fv2%2Fcomments&post=79"}],"version-history":[{"count":9,"href":"https:\/\/www.stuck-mirschberger.de\/index.php?rest_route=\/wp\/v2\/pages\/79\/revisions"}],"predecessor-version":[{"id":432,"href":"https:\/\/www.stuck-mirschberger.de\/index.php?rest_route=\/wp\/v2\/pages\/79\/revisions\/432"}],"wp:attachment":[{"href":"https:\/\/www.stuck-mirschberger.de\/index.php?rest_route=%2Fwp%2Fv2%2Fmedia&parent=79"}],"curies":[{"name":"wp","href":"https:\/\/api.w.org\/{rel}","templated":true}]}}